{"id":54122,"date":"2025-06-09T17:53:27","date_gmt":"2025-06-09T21:53:27","guid":{"rendered":"https:\/\/www.soundcontrol.net\/?page_id=54122"},"modified":"2025-12-23T13:25:27","modified_gmt":"2025-12-23T18:25:27","slug":"training","status":"publish","type":"page","link":"https:\/\/www.soundcontrol.net\/es\/training\/","title":{"rendered":"Capacitaci\u00f3n"},"content":{"rendered":"<div class=\"wp-block-columns is-layout-flex wp-container-core-columns-is-layout-9d6595d7 wp-block-columns-is-layout-flex\">\n<div class=\"wp-block-column is-vertically-aligned-top products-top is-layout-flow wp-block-column-is-layout-flow\">\n<p><\/p>\n\n\n<div class=\"wp-block-image\">\n<figure class=\"aligncenter size-large is-resized\"><img loading=\"lazy\" decoding=\"async\" width=\"1024\" height=\"859\" src=\"https:\/\/www.soundcontrol.net\/wp-content\/uploads\/2021\/02\/SCT-U-Logo-1024x859.png\" alt=\"\" class=\"wp-image-20864\" style=\"width:151px;height:auto\" srcset=\"https:\/\/www.soundcontrol.net\/wp-content\/uploads\/2021\/02\/SCT-U-Logo-1024x859.png 1024w, https:\/\/www.soundcontrol.net\/wp-content\/uploads\/2021\/02\/SCT-U-Logo-300x252.png 300w, https:\/\/www.soundcontrol.net\/wp-content\/uploads\/2021\/02\/SCT-U-Logo-600x503.png 600w, https:\/\/www.soundcontrol.net\/wp-content\/uploads\/2021\/02\/SCT-U-Logo-768x644.png 768w, https:\/\/www.soundcontrol.net\/wp-content\/uploads\/2021\/02\/SCT-U-Logo-1536x1289.png 1536w, https:\/\/www.soundcontrol.net\/wp-content\/uploads\/2021\/02\/SCT-U-Logo-2048x1718.png 2048w, https:\/\/www.soundcontrol.net\/wp-content\/uploads\/2021\/02\/SCT-U-Logo-100x84.png 100w, https:\/\/www.soundcontrol.net\/wp-content\/uploads\/2021\/02\/SCT-U-Logo-1200x1007.png 1200w, https:\/\/www.soundcontrol.net\/wp-content\/uploads\/2021\/02\/SCT-U-Logo-1500x1258.png 1500w\" sizes=\"auto, (max-width: 1024px) 100vw, 1024px\" \/><\/figure>\n<\/div>\n\n\n<h1 class=\"wp-block-heading has-text-align-center nomargin has-text-color has-link-color wp-elements-4c150b305535e9d708c84392f16dba69\" style=\"color:#0088b8\">Capacitaci\u00f3n<\/h1>\n\n\n\n<p class=\"has-text-align-center\"><strong>Capac\u00edtate. Con\u00e9ctate.<\/strong><br>Whether you&#8217;re new to SCT or just need a refresher, our training sessions cover everything from single-cable extension to power delivery and USB sanity-saving tips. No fluff, no filler, just real-world AV know-how you can use right away.<br><\/p>\n\n\n\n<div style=\"height:25px\" aria-hidden=\"true\" class=\"wp-block-spacer\"><\/div>\n<\/div>\n<\/div>\n\n\n\n<div class=\"wp-block-columns is-layout-flex wp-container-core-columns-is-layout-9d6595d7 wp-block-columns-is-layout-flex\">\n<div class=\"wp-block-column is-layout-flow wp-block-column-is-layout-flow\">\n<figure class=\"wp-block-embed is-provider-youtube wp-block-embed-youtube\"><div class=\"wp-block-embed__wrapper\">\n<div class=\"x-resp-embed x-is-video x-is-youtube\"><iframe loading=\"lazy\" title=\"Secuencia de entrenamiento completa 21 de mayo de 2025\" width=\"1500\" height=\"844\" src=\"https:\/\/www.youtube.com\/embed\/KJdQKJPqOSA?feature=oembed\" frameborder=\"0\" allow=\"accelerometer; autoplay; clipboard-write; encrypted-media; gyroscope; picture-in-picture; web-share\" referrerpolicy=\"strict-origin-when-cross-origin\" allowfullscreen><\/iframe><\/div>\n<\/div><\/figure>\n\n\n\n<div class=\"wp-block-buttons is-content-justification-center is-layout-flex wp-container-core-buttons-is-layout-16018d1d wp-block-buttons-is-layout-flex\">\n<div class=\"wp-block-button\"><a class=\"wp-block-button__link has-background wp-element-button\" href=\"https:\/\/sct.thetrainingarcade.com\/games\/trivia\/2023-full-certification-quiz\" style=\"background-color:#3299cc\">Cuestionario de certificaci\u00f3n de ingl\u00e9s<\/a><\/div>\n<\/div>\n<\/div>\n\n\n\n<div class=\"wp-block-column is-layout-flow wp-block-column-is-layout-flow\">\n<figure class=\"wp-block-embed is-provider-youtube wp-block-embed-youtube\"><div class=\"wp-block-embed__wrapper\">\n<div class=\"x-resp-embed x-is-video x-is-youtube\"><iframe loading=\"lazy\" title=\"Capacitaci\u00f3n para la certificaci\u00f3n de espa\u00f1ol\" width=\"1500\" height=\"844\" src=\"https:\/\/www.youtube.com\/embed\/HQ65Gsw2l-4?feature=oembed\" frameborder=\"0\" allow=\"accelerometer; autoplay; clipboard-write; encrypted-media; gyroscope; picture-in-picture; web-share\" referrerpolicy=\"strict-origin-when-cross-origin\" allowfullscreen><\/iframe><\/div>\n<\/div><\/figure>\n\n\n\n<div class=\"wp-block-buttons is-content-justification-center is-layout-flex wp-container-core-buttons-is-layout-16018d1d wp-block-buttons-is-layout-flex\">\n<div class=\"wp-block-button\"><a class=\"wp-block-button__link has-background wp-element-button\" href=\"https:\/\/sct.thetrainingarcade.com\/games\/trivia\/2023-full-certification-quiz\" style=\"background-color:#3299cc\" target=\"_blank\" rel=\"noreferrer noopener\">Cuestionario de certificaci\u00f3n de espa\u00f1ol<\/a><\/div>\n<\/div>\n<\/div>\n<\/div>\n\n\n\n<div style=\"height:50px\" aria-hidden=\"true\" class=\"wp-block-spacer\"><\/div>\n\n\n\n<div class=\"wp-block-columns is-layout-flex wp-container-core-columns-is-layout-9d6595d7 wp-block-columns-is-layout-flex\">\n<div class=\"wp-block-column is-layout-flow wp-block-column-is-layout-flow\">\n<figure class=\"wp-block-embed is-provider-youtube wp-block-embed-youtube\"><div class=\"wp-block-embed__wrapper\">\n<div class=\"x-resp-embed x-is-video x-is-youtube\"><iframe loading=\"lazy\" title=\"V\u00eddeo de certificaci\u00f3n de franc\u00e9s del SCT\" width=\"1500\" height=\"844\" src=\"https:\/\/www.youtube.com\/embed\/j5NJ8rUrexA?feature=oembed\" frameborder=\"0\" allow=\"accelerometer; autoplay; clipboard-write; encrypted-media; gyroscope; picture-in-picture; web-share\" referrerpolicy=\"strict-origin-when-cross-origin\" allowfullscreen><\/iframe><\/div>\n<\/div><\/figure>\n\n\n\n<div class=\"wp-block-buttons is-content-justification-center is-layout-flex wp-container-core-buttons-is-layout-16018d1d wp-block-buttons-is-layout-flex\">\n<div class=\"wp-block-button\"><a class=\"wp-block-button__link has-background wp-element-button\" href=\"https:\/\/sct.thetrainingarcade.com\/games\/trivia\/full-certification-quiz\" style=\"background-color:#3299cc\" target=\"_blank\" rel=\"noreferrer noopener\">Cuestionario de certificaci\u00f3n de franc\u00e9s<\/a><\/div>\n<\/div>\n<\/div>\n\n\n\n<div class=\"wp-block-column is-layout-flow wp-block-column-is-layout-flow\">\n<figure class=\"wp-block-embed is-provider-youtube wp-block-embed-youtube\"><div class=\"wp-block-embed__wrapper\">\n<div class=\"x-resp-embed x-is-video x-is-youtube\"><iframe loading=\"lazy\" title=\"Capacitaci\u00f3n para la certificaci\u00f3n alemana SCT\" width=\"1500\" height=\"844\" src=\"https:\/\/www.youtube.com\/embed\/t20SmjHGg1Y?feature=oembed\" frameborder=\"0\" allow=\"accelerometer; autoplay; clipboard-write; encrypted-media; gyroscope; picture-in-picture; web-share\" referrerpolicy=\"strict-origin-when-cross-origin\" allowfullscreen><\/iframe><\/div>\n<\/div><\/figure>\n\n\n\n<div class=\"wp-block-buttons is-content-justification-center is-layout-flex wp-container-core-buttons-is-layout-16018d1d wp-block-buttons-is-layout-flex\">\n<div class=\"wp-block-button\"><a class=\"wp-block-button__link has-background wp-element-button\" href=\"https:\/\/sct.thetrainingarcade.com\/games\/trivia\/full-certification-quiz\" style=\"background-color:#3299cc\" target=\"_blank\" rel=\"noreferrer noopener\">Cuestionario de certificaci\u00f3n de alem\u00e1n<\/a><\/div>\n<\/div>\n<\/div>\n<\/div>\n\n\n\n<div style=\"height:100px\" aria-hidden=\"true\" class=\"wp-block-spacer\"><\/div>\n\n\n\n<div class=\"wp-block-buttons is-content-justification-center is-layout-flex wp-container-core-buttons-is-layout-16018d1d wp-block-buttons-is-layout-flex\">\n<div class=\"wp-block-button\"><a class=\"wp-block-button__link wp-element-button\" href=\"https:\/\/www.soundcontrol.net\/es\/video-library\/\" target=\"_blank\" rel=\"noreferrer noopener\">Explore Our Entire Video Library<\/a><\/div>\n<\/div>\n\n\n\n<div style=\"height:100px\" aria-hidden=\"true\" class=\"wp-block-spacer\"><\/div>\n\n\n\n<p><\/p>","protected":false},"excerpt":{"rendered":"<p>Training Get Trained. Get Connected.Whether you&#8217;re new to SCT or just need a refresher, our training sessions cover everything from single-cable extension to power delivery and USB sanity-saving tips. No &#8230;<\/p>","protected":false},"author":2861,"featured_media":0,"parent":0,"menu_order":0,"comment_status":"closed","ping_status":"closed","template":"landingpage.php","meta":{"_acf_changed":false,"publish_to_discourse":"","publish_post_category":"","wpdc_auto_publish_overridden":"","wpdc_topic_tags":"","wpdc_pin_topic":"","wpdc_pin_until":"","discourse_post_id":"","discourse_permalink":"","wpdc_publishing_response":"","wpdc_publishing_error":"","_monsterinsights_skip_tracking":false,"_monsterinsights_sitenote_active":false,"_monsterinsights_sitenote_note":"","_monsterinsights_sitenote_category":0,"footnotes":""},"class_list":["post-54122","page","type-page","status-publish","hentry","no-post-thumbnail"],"acf":[],"yoast_head":"<!-- This site is optimized with the Yoast SEO plugin v27.3 - https:\/\/yoast.com\/product\/yoast-seo-wordpress\/ -->\n<title>Training - Sound Control Technologies<\/title>\n<meta name=\"robots\" content=\"index, follow, max-snippet:-1, max-image-preview:large, max-video-preview:-1\" \/>\n<link rel=\"canonical\" href=\"https:\/\/www.soundcontrol.net\/es\/training\/\" \/>\n<meta property=\"og:locale\" content=\"es_ES\" \/>\n<meta property=\"og:type\" content=\"article\" \/>\n<meta property=\"og:title\" content=\"Training - Sound Control Technologies\" \/>\n<meta property=\"og:description\" content=\"Training Get Trained. Get Connected.Whether you&#8217;re new to SCT or just need a refresher, our training sessions cover everything from single-cable extension to power delivery and USB sanity-saving tips. No ...\" \/>\n<meta property=\"og:url\" content=\"https:\/\/www.soundcontrol.net\/es\/training\/\" \/>\n<meta property=\"og:site_name\" content=\"Sound Control Technologies\" \/>\n<meta property=\"article:modified_time\" content=\"2025-12-23T18:25:27+00:00\" \/>\n<meta property=\"og:image\" content=\"https:\/\/www.soundcontrol.net\/wp-content\/uploads\/2021\/02\/SCT-U-Logo.png\" \/>\n\t<meta property=\"og:image:width\" content=\"6357\" \/>\n\t<meta property=\"og:image:height\" content=\"5333\" \/>\n\t<meta property=\"og:image:type\" content=\"image\/png\" \/>\n<meta name=\"twitter:card\" content=\"summary_large_image\" \/>\n<meta name=\"twitter:label1\" content=\"Tiempo de lectura\" \/>\n\t<meta name=\"twitter:data1\" content=\"1 minuto\" \/>\n<script type=\"application\/ld+json\" class=\"yoast-schema-graph\">{\"@context\":\"https:\\\/\\\/schema.org\",\"@graph\":[{\"@type\":\"WebPage\",\"@id\":\"https:\\\/\\\/www.soundcontrol.net\\\/training\\\/\",\"url\":\"https:\\\/\\\/www.soundcontrol.net\\\/training\\\/\",\"name\":\"Training - Sound Control Technologies\",\"isPartOf\":{\"@id\":\"https:\\\/\\\/www.soundcontrol.net\\\/#website\"},\"primaryImageOfPage\":{\"@id\":\"https:\\\/\\\/www.soundcontrol.net\\\/training\\\/#primaryimage\"},\"image\":{\"@id\":\"https:\\\/\\\/www.soundcontrol.net\\\/training\\\/#primaryimage\"},\"thumbnailUrl\":\"https:\\\/\\\/www.soundcontrol.net\\\/wp-content\\\/uploads\\\/2021\\\/02\\\/SCT-U-Logo-1024x859.png\",\"datePublished\":\"2025-06-09T21:53:27+00:00\",\"dateModified\":\"2025-12-23T18:25:27+00:00\",\"breadcrumb\":{\"@id\":\"https:\\\/\\\/www.soundcontrol.net\\\/training\\\/#breadcrumb\"},\"inLanguage\":\"es\",\"potentialAction\":[{\"@type\":\"ReadAction\",\"target\":[\"https:\\\/\\\/www.soundcontrol.net\\\/training\\\/\"]}]},{\"@type\":\"ImageObject\",\"inLanguage\":\"es\",\"@id\":\"https:\\\/\\\/www.soundcontrol.net\\\/training\\\/#primaryimage\",\"url\":\"https:\\\/\\\/www.soundcontrol.net\\\/wp-content\\\/uploads\\\/2021\\\/02\\\/SCT-U-Logo-1024x859.png\",\"contentUrl\":\"https:\\\/\\\/www.soundcontrol.net\\\/wp-content\\\/uploads\\\/2021\\\/02\\\/SCT-U-Logo-1024x859.png\"},{\"@type\":\"BreadcrumbList\",\"@id\":\"https:\\\/\\\/www.soundcontrol.net\\\/training\\\/#breadcrumb\",\"itemListElement\":[{\"@type\":\"ListItem\",\"position\":1,\"name\":\"Home\",\"item\":\"https:\\\/\\\/www.soundcontrol.net\\\/\"},{\"@type\":\"ListItem\",\"position\":2,\"name\":\"Training\"}]},{\"@type\":\"WebSite\",\"@id\":\"https:\\\/\\\/www.soundcontrol.net\\\/#website\",\"url\":\"https:\\\/\\\/www.soundcontrol.net\\\/\",\"name\":\"Sound Control Technologies\",\"description\":\"Connectivity, Delivered.\",\"potentialAction\":[{\"@type\":\"SearchAction\",\"target\":{\"@type\":\"EntryPoint\",\"urlTemplate\":\"https:\\\/\\\/www.soundcontrol.net\\\/?s={search_term_string}\"},\"query-input\":{\"@type\":\"PropertyValueSpecification\",\"valueRequired\":true,\"valueName\":\"search_term_string\"}}],\"inLanguage\":\"es\"}]}<\/script>\n<!-- \/ Yoast SEO plugin. -->","yoast_head_json":{"title":"Training - Sound Control Technologies","robots":{"index":"index","follow":"follow","max-snippet":"max-snippet:-1","max-image-preview":"max-image-preview:large","max-video-preview":"max-video-preview:-1"},"canonical":"https:\/\/www.soundcontrol.net\/es\/training\/","og_locale":"es_ES","og_type":"article","og_title":"Training - Sound Control Technologies","og_description":"Training Get Trained. Get Connected.Whether you&#8217;re new to SCT or just need a refresher, our training sessions cover everything from single-cable extension to power delivery and USB sanity-saving tips. No ...","og_url":"https:\/\/www.soundcontrol.net\/es\/training\/","og_site_name":"Sound Control Technologies","article_modified_time":"2025-12-23T18:25:27+00:00","og_image":[{"width":6357,"height":5333,"url":"https:\/\/www.soundcontrol.net\/wp-content\/uploads\/2021\/02\/SCT-U-Logo.png","type":"image\/png"}],"twitter_card":"summary_large_image","twitter_misc":{"Tiempo de lectura":"1 minuto"},"schema":{"@context":"https:\/\/schema.org","@graph":[{"@type":"WebPage","@id":"https:\/\/www.soundcontrol.net\/training\/","url":"https:\/\/www.soundcontrol.net\/training\/","name":"Training - Sound Control Technologies","isPartOf":{"@id":"https:\/\/www.soundcontrol.net\/#website"},"primaryImageOfPage":{"@id":"https:\/\/www.soundcontrol.net\/training\/#primaryimage"},"image":{"@id":"https:\/\/www.soundcontrol.net\/training\/#primaryimage"},"thumbnailUrl":"https:\/\/www.soundcontrol.net\/wp-content\/uploads\/2021\/02\/SCT-U-Logo-1024x859.png","datePublished":"2025-06-09T21:53:27+00:00","dateModified":"2025-12-23T18:25:27+00:00","breadcrumb":{"@id":"https:\/\/www.soundcontrol.net\/training\/#breadcrumb"},"inLanguage":"es","potentialAction":[{"@type":"ReadAction","target":["https:\/\/www.soundcontrol.net\/training\/"]}]},{"@type":"ImageObject","inLanguage":"es","@id":"https:\/\/www.soundcontrol.net\/training\/#primaryimage","url":"https:\/\/www.soundcontrol.net\/wp-content\/uploads\/2021\/02\/SCT-U-Logo-1024x859.png","contentUrl":"https:\/\/www.soundcontrol.net\/wp-content\/uploads\/2021\/02\/SCT-U-Logo-1024x859.png"},{"@type":"BreadcrumbList","@id":"https:\/\/www.soundcontrol.net\/training\/#breadcrumb","itemListElement":[{"@type":"ListItem","position":1,"name":"Home","item":"https:\/\/www.soundcontrol.net\/"},{"@type":"ListItem","position":2,"name":"Training"}]},{"@type":"WebSite","@id":"https:\/\/www.soundcontrol.net\/#website","url":"https:\/\/www.soundcontrol.net\/","name":"Sound Control Technologies","description":"Conectividad, entregada.","potentialAction":[{"@type":"SearchAction","target":{"@type":"EntryPoint","urlTemplate":"https:\/\/www.soundcontrol.net\/?s={search_term_string}"},"query-input":{"@type":"PropertyValueSpecification","valueRequired":true,"valueName":"search_term_string"}}],"inLanguage":"es"}]}},"_links":{"self":[{"href":"https:\/\/www.soundcontrol.net\/es\/wp-json\/wp\/v2\/pages\/54122","targetHints":{"allow":["GET"]}}],"collection":[{"href":"https:\/\/www.soundcontrol.net\/es\/wp-json\/wp\/v2\/pages"}],"about":[{"href":"https:\/\/www.soundcontrol.net\/es\/wp-json\/wp\/v2\/types\/page"}],"author":[{"embeddable":true,"href":"https:\/\/www.soundcontrol.net\/es\/wp-json\/wp\/v2\/users\/2861"}],"replies":[{"embeddable":true,"href":"https:\/\/www.soundcontrol.net\/es\/wp-json\/wp\/v2\/comments?post=54122"}],"version-history":[{"count":0,"href":"https:\/\/www.soundcontrol.net\/es\/wp-json\/wp\/v2\/pages\/54122\/revisions"}],"wp:attachment":[{"href":"https:\/\/www.soundcontrol.net\/es\/wp-json\/wp\/v2\/media?parent=54122"}],"curies":[{"name":"palabra clave","href":"https:\/\/api.w.org\/{rel}","templated":true}]}}