{"id":13668,"date":"2020-06-17T15:58:16","date_gmt":"2020-06-17T15:58:16","guid":{"rendered":"https:\/\/soundcontrolte.wpengine.com\/?page_id=13668"},"modified":"2025-08-01T14:29:46","modified_gmt":"2025-08-01T18:29:46","slug":"solution-finder","status":"publish","type":"page","link":"https:\/\/www.soundcontrol.net\/fr\/solution-finder\/","title":{"rendered":"Recherche de solutions"},"content":{"rendered":"<div style=\"height:75px\" aria-hidden=\"true\" class=\"wp-block-spacer\"><\/div>\n\n\n\n<h1 class=\"wp-block-heading has-text-align-center nomargin\">Recherche de solutions<\/h1>\n\n\n\n<div class=\"wp-block-columns stack is-layout-flex wp-container-core-columns-is-layout-9d6595d7 wp-block-columns-is-layout-flex\">\n<div class=\"wp-block-column is-vertically-aligned-center is-layout-flow wp-block-column-is-layout-flow\" style=\"flex-basis:10%\">\n<p><\/p>\n\n\n\n<p class=\"has-text-align-center\"><\/p>\n<\/div>\n\n\n\n<div class=\"wp-block-column is-vertically-aligned-center is-layout-flow wp-block-column-is-layout-flow\" style=\"flex-basis:80%\">\n<p><\/p>\n\n\n\n<p class=\"has-text-align-center\">Vous avez besoin d&#039;une extension de cam\u00e9ra ou d&#039;un kit d&#039;int\u00e9gration de table ? Ou peut-\u00eatre d&#039;un support sp\u00e9cifique \u00e0 la cam\u00e9ra ? Nos solutions exclusives fournissent l&#039;alimentation, le contr\u00f4le, l&#039;IR, l&#039;audio, la vid\u00e9o, l&#039;USB et l&#039;Ethernet via un c\u00e2blage CAT, jusqu&#039;\u00e0 100 m\u00e8tres. Compatibles avec toutes les principales marques de cam\u00e9ras PTZ codec (et plus sur demande), nos kits permettent de garder votre espace de travail BYOM\/BYOD connect\u00e9 sans tracas. <br><br><strong>Trouvez la solution id\u00e9ale avec notre outil de recherche de solutions \u2013 choisissez votre marque ci-dessous pour commencer.<\/strong><\/p>\n<\/div>\n\n\n\n<div class=\"wp-block-column is-vertically-aligned-center is-layout-flow wp-block-column-is-layout-flow\" style=\"flex-basis:10%\">\n<p><\/p>\n\n\n\n<p class=\"has-text-align-center\"><\/p>\n<\/div>\n<\/div>\n\n\n<div class=\"sfinderparents\">\n            \t\n<a href=\"https:\/\/www.soundcontrol.net\/fr\/solutions\/atlona\/\"> <img decoding=\"async\" alt=\"Atlona\" src=\"https:\/\/www.soundcontrol.net\/wp-content\/uploads\/2024\/09\/AtlonaLogo.png\"><\/a>\n\n            \t\n<a href=\"https:\/\/www.soundcontrol.net\/fr\/solutions\/aver\/\"> <img decoding=\"async\" alt=\"AVer\" src=\"https:\/\/www.soundcontrol.net\/wp-content\/uploads\/2024\/09\/AVer_Partner_Logo_V2_Red@1000.png\"><\/a>\n\n            \t\n<a href=\"https:\/\/www.soundcontrol.net\/fr\/solutions\/avonic\/\"> <img decoding=\"async\" alt=\"Avonic\" src=\"https:\/\/www.soundcontrol.net\/wp-content\/uploads\/2025\/01\/Avonic-Logo.png\"><\/a>\n\n            \t\n<a href=\"https:\/\/www.soundcontrol.net\/fr\/solutions\/barco\/\"> <img decoding=\"async\" alt=\"Barco\" src=\"https:\/\/www.soundcontrol.net\/wp-content\/uploads\/2024\/09\/barco-vector-logo.svg\"><\/a>\n\n            \t\n<a href=\"https:\/\/www.soundcontrol.net\/fr\/solutions\/biamp\/\"> <img decoding=\"async\" alt=\"Biamp\" src=\"https:\/\/www.soundcontrol.net\/wp-content\/uploads\/2024\/09\/Biamp-Logo-1-1024x367.jpg\"><\/a>\n\n            \t\n<a href=\"https:\/\/www.soundcontrol.net\/fr\/solutions\/birddog\/\"> <img decoding=\"async\" alt=\"BirdDog\" src=\"https:\/\/www.soundcontrol.net\/wp-content\/uploads\/2025\/01\/BirdDog-Logo.png\"><\/a>\n\n            \t\n<a href=\"https:\/\/www.soundcontrol.net\/fr\/solutions\/bolin\/\"> <img decoding=\"async\" alt=\"Bolin\" src=\"https:\/\/www.soundcontrol.net\/wp-content\/uploads\/2025\/01\/Bolin-Logo.png\"><\/a>\n\n            \t\n<a href=\"https:\/\/www.soundcontrol.net\/fr\/solutions\/bose\/\"> <img decoding=\"async\" alt=\"Bose\" src=\"https:\/\/www.soundcontrol.net\/wp-content\/uploads\/2024\/09\/Bose_logo.svg\"><\/a>\n\n            \t\n<a href=\"https:\/\/www.soundcontrol.net\/fr\/solutions\/canon\/\"> <img decoding=\"async\" alt=\"Canon\" src=\"https:\/\/www.soundcontrol.net\/wp-content\/uploads\/2025\/01\/Canon-Logo.png\"><\/a>\n\n            \t\n<a href=\"https:\/\/www.soundcontrol.net\/fr\/solutions\/cisco\/\"> <img decoding=\"async\" alt=\"Cisco\" src=\"https:\/\/www.soundcontrol.net\/wp-content\/uploads\/2024\/09\/Cisco_logo_blue_2016.svg\"><\/a>\n\n            \t\n<a href=\"https:\/\/www.soundcontrol.net\/fr\/solutions\/clearone\/\"> <img decoding=\"async\" alt=\"ClearOne\" src=\"https:\/\/www.soundcontrol.net\/wp-content\/uploads\/2024\/08\/clearone.svg\"><\/a>\n\n            \t\n<a href=\"https:\/\/www.soundcontrol.net\/fr\/solutions\/crestron\/\"> <img decoding=\"async\" alt=\"Crestron\" src=\"https:\/\/www.soundcontrol.net\/wp-content\/uploads\/2024\/09\/Crestron-1024x553.png\"><\/a>\n\n            \t\n<a href=\"https:\/\/www.soundcontrol.net\/fr\/solutions\/hp-poly\/\"> <img decoding=\"async\" alt=\"HP Poly\" src=\"https:\/\/www.soundcontrol.net\/wp-content\/uploads\/2024\/09\/logo_lockup_HP_Poly_RGB-1024x604.png\"><\/a>\n\n            \t\n<a href=\"https:\/\/www.soundcontrol.net\/fr\/solutions\/huddlecam\/\"> <img decoding=\"async\" alt=\"HuddleCamHD\" src=\"https:\/\/www.soundcontrol.net\/wp-content\/uploads\/2024\/09\/HuddlecamLogo.png\"><\/a>\n\n            \t\n<a href=\"https:\/\/www.soundcontrol.net\/fr\/solutions\/huddly\/\"> <img decoding=\"async\" alt=\"Huddly\" src=\"https:\/\/www.soundcontrol.net\/wp-content\/uploads\/2024\/09\/HuddlyLogo-1024x240.png\"><\/a>\n\n            \t\n<a href=\"https:\/\/www.soundcontrol.net\/fr\/solutions\/jabra\/\"> <img decoding=\"async\" alt=\"Jabra\" src=\"https:\/\/www.soundcontrol.net\/wp-content\/uploads\/2024\/09\/JabraLogo.png\"><\/a>\n\n            \t\n<a href=\"https:\/\/www.soundcontrol.net\/fr\/solutions\/laia\/\"> <img decoding=\"async\" alt=\"Laia\" src=\"https:\/\/www.soundcontrol.net\/wp-content\/uploads\/2025\/05\/LAIA-New-logo-1024x578.jpg\"><\/a>\n\n            \t\n<a href=\"https:\/\/www.soundcontrol.net\/fr\/solutions\/logitech\/\"> <img decoding=\"async\" alt=\"Logitech\" src=\"https:\/\/www.soundcontrol.net\/wp-content\/uploads\/2024\/09\/Logitech_logo.svg\"><\/a>\n\n            \t\n<a href=\"https:\/\/www.soundcontrol.net\/fr\/solutions\/lumens\/\"> <img decoding=\"async\" alt=\"Lumens\" src=\"https:\/\/www.soundcontrol.net\/wp-content\/uploads\/2024\/09\/lumens-1-1024x206.png\"><\/a>\n\n            \t\n<a href=\"https:\/\/www.soundcontrol.net\/fr\/solutions\/marshall\/\"> <img decoding=\"async\" alt=\"Marshall\" src=\"https:\/\/www.soundcontrol.net\/wp-content\/uploads\/2024\/09\/marshall.svg\"><\/a>\n\n            \t\n<a href=\"https:\/\/www.soundcontrol.net\/fr\/solutions\/maxhub\/\"> <img decoding=\"async\" alt=\"MaxHub\" src=\"https:\/\/www.soundcontrol.net\/wp-content\/uploads\/2024\/09\/Maxhub-1024x194.png\"><\/a>\n\n            \t\n<a href=\"https:\/\/www.soundcontrol.net\/fr\/solutions\/neat\/\"> <img decoding=\"async\" alt=\"Neat\" src=\"https:\/\/www.soundcontrol.net\/wp-content\/uploads\/2025\/01\/Neat-logo-1-1024x348.png\"><\/a>\n\n            \t\n<a href=\"https:\/\/www.soundcontrol.net\/fr\/solutions\/panasonic\/\"> <img decoding=\"async\" alt=\"Panasonic\" src=\"https:\/\/www.soundcontrol.net\/wp-content\/uploads\/2024\/09\/Panasonic_logo_Blue.svg\"><\/a>\n\n            \t\n<a href=\"https:\/\/www.soundcontrol.net\/fr\/solutions\/ptzoptics\/\"> <img decoding=\"async\" alt=\"PTZOptics\" src=\"https:\/\/www.soundcontrol.net\/wp-content\/uploads\/2024\/09\/248a839af65dd358e807f4be637b-1024x618.png\"><\/a>\n\n            \t\n<a href=\"https:\/\/www.soundcontrol.net\/fr\/solutions\/qsc\/\"> <img decoding=\"async\" alt=\"QSC\" src=\"https:\/\/www.soundcontrol.net\/wp-content\/uploads\/2024\/09\/qsc-1024x226.png\"><\/a>\n\n            \t\n<a href=\"https:\/\/www.soundcontrol.net\/fr\/solutions\/sennheiser\/\"> <img decoding=\"async\" alt=\"Sennheiser\" src=\"https:\/\/www.soundcontrol.net\/wp-content\/uploads\/2025\/03\/Sennheiser_logo.png\"><\/a>\n\n            \t\n<a href=\"https:\/\/www.soundcontrol.net\/fr\/solutions\/sony\/\"> <img decoding=\"async\" alt=\"Sony\" src=\"https:\/\/www.soundcontrol.net\/wp-content\/uploads\/2024\/09\/Sony_logo.svg\"><\/a>\n\n            \t\n<a href=\"https:\/\/www.soundcontrol.net\/fr\/solutions\/vhd\/\"> <img decoding=\"async\" alt=\"VHD\" src=\"https:\/\/www.soundcontrol.net\/wp-content\/uploads\/2024\/09\/VHDLogo-1024x270.png\"><\/a>\n\n            \t\n<a href=\"https:\/\/www.soundcontrol.net\/fr\/solutions\/wolfvision\/\"> <img decoding=\"async\" alt=\"Wolfvision\" src=\"https:\/\/www.soundcontrol.net\/wp-content\/uploads\/2025\/08\/Wolfvision-Logo-1024x247.jpg\"><\/a>\n\n            \t\n<a href=\"https:\/\/www.soundcontrol.net\/fr\/solutions\/yamaha\/\"> <img decoding=\"async\" alt=\"Yamaha\" src=\"https:\/\/www.soundcontrol.net\/wp-content\/uploads\/2025\/08\/Yamaha-Logo.png\"><\/a>\n\n            \t\n<a href=\"https:\/\/www.soundcontrol.net\/fr\/solutions\/yealink\/\"> <img decoding=\"async\" alt=\"Yealink\" src=\"https:\/\/www.soundcontrol.net\/wp-content\/uploads\/2025\/01\/yealink3.png\"><\/a>\n\n        <\/div>\n\n\n<div style=\"height:100px\" aria-hidden=\"true\" class=\"wp-block-spacer\"><\/div>","protected":false},"excerpt":{"rendered":"<p>Recherche de solutions<\/p>","protected":false},"author":33,"featured_media":0,"parent":0,"menu_order":0,"comment_status":"closed","ping_status":"closed","template":"template-blank-4.php","meta":{"_acf_changed":true,"publish_to_discourse":"","publish_post_category":"","wpdc_auto_publish_overridden":"","wpdc_topic_tags":"","wpdc_pin_topic":"","wpdc_pin_until":"","discourse_post_id":"","discourse_permalink":"","wpdc_publishing_response":"","wpdc_publishing_error":"","_monsterinsights_skip_tracking":false,"_monsterinsights_sitenote_active":false,"_monsterinsights_sitenote_note":"","_monsterinsights_sitenote_category":0,"footnotes":""},"class_list":["post-13668","page","type-page","status-publish","hentry","no-post-thumbnail"],"acf":[],"yoast_head":"<!-- This site is optimized with the Yoast SEO plugin v27.2 - https:\/\/yoast.com\/product\/yoast-seo-wordpress\/ -->\n<title>Solution Finder - Sound Control Technologies<\/title>\n<meta name=\"robots\" content=\"index, follow, max-snippet:-1, max-image-preview:large, max-video-preview:-1\" \/>\n<link rel=\"canonical\" href=\"https:\/\/www.soundcontrol.net\/fr\/solution-finder\/\" \/>\n<meta property=\"og:locale\" content=\"fr_FR\" \/>\n<meta property=\"og:type\" content=\"article\" \/>\n<meta property=\"og:title\" content=\"Solution Finder - Sound Control Technologies\" \/>\n<meta property=\"og:description\" content=\"Solution Finder\" \/>\n<meta property=\"og:url\" content=\"https:\/\/www.soundcontrol.net\/fr\/solution-finder\/\" \/>\n<meta property=\"og:site_name\" content=\"Sound Control Technologies\" \/>\n<meta property=\"article:modified_time\" content=\"2025-08-01T18:29:46+00:00\" \/>\n<meta name=\"twitter:card\" content=\"summary_large_image\" \/>\n<meta name=\"twitter:label1\" content=\"Dur\u00e9e de lecture estim\u00e9e\" \/>\n\t<meta name=\"twitter:data1\" content=\"1 minute\" \/>\n<script type=\"application\/ld+json\" class=\"yoast-schema-graph\">{\"@context\":\"https:\/\/schema.org\",\"@graph\":[{\"@type\":\"WebPage\",\"@id\":\"https:\/\/www.soundcontrol.net\/solution-finder\/\",\"url\":\"https:\/\/www.soundcontrol.net\/solution-finder\/\",\"name\":\"Solution Finder - Sound Control Technologies\",\"isPartOf\":{\"@id\":\"https:\/\/www.soundcontrol.net\/#website\"},\"datePublished\":\"2020-06-17T15:58:16+00:00\",\"dateModified\":\"2025-08-01T18:29:46+00:00\",\"breadcrumb\":{\"@id\":\"https:\/\/www.soundcontrol.net\/solution-finder\/#breadcrumb\"},\"inLanguage\":\"fr-FR\",\"potentialAction\":[{\"@type\":\"ReadAction\",\"target\":[\"https:\/\/www.soundcontrol.net\/solution-finder\/\"]}]},{\"@type\":\"BreadcrumbList\",\"@id\":\"https:\/\/www.soundcontrol.net\/solution-finder\/#breadcrumb\",\"itemListElement\":[{\"@type\":\"ListItem\",\"position\":1,\"name\":\"Home\",\"item\":\"https:\/\/www.soundcontrol.net\/\"},{\"@type\":\"ListItem\",\"position\":2,\"name\":\"Solution Finder\"}]},{\"@type\":\"WebSite\",\"@id\":\"https:\/\/www.soundcontrol.net\/#website\",\"url\":\"https:\/\/www.soundcontrol.net\/\",\"name\":\"Sound Control Technologies\",\"description\":\"Connectivity, Delivered.\",\"potentialAction\":[{\"@type\":\"SearchAction\",\"target\":{\"@type\":\"EntryPoint\",\"urlTemplate\":\"https:\/\/www.soundcontrol.net\/?s={search_term_string}\"},\"query-input\":{\"@type\":\"PropertyValueSpecification\",\"valueRequired\":true,\"valueName\":\"search_term_string\"}}],\"inLanguage\":\"fr-FR\"}]}<\/script>\n<!-- \/ Yoast SEO plugin. -->","yoast_head_json":{"title":"Solution Finder - Sound Control Technologies","robots":{"index":"index","follow":"follow","max-snippet":"max-snippet:-1","max-image-preview":"max-image-preview:large","max-video-preview":"max-video-preview:-1"},"canonical":"https:\/\/www.soundcontrol.net\/fr\/solution-finder\/","og_locale":"fr_FR","og_type":"article","og_title":"Solution Finder - Sound Control Technologies","og_description":"Solution Finder","og_url":"https:\/\/www.soundcontrol.net\/fr\/solution-finder\/","og_site_name":"Sound Control Technologies","article_modified_time":"2025-08-01T18:29:46+00:00","twitter_card":"summary_large_image","twitter_misc":{"Dur\u00e9e de lecture estim\u00e9e":"1 minute"},"schema":{"@context":"https:\/\/schema.org","@graph":[{"@type":"WebPage","@id":"https:\/\/www.soundcontrol.net\/solution-finder\/","url":"https:\/\/www.soundcontrol.net\/solution-finder\/","name":"Solution Finder - Sound Control Technologies","isPartOf":{"@id":"https:\/\/www.soundcontrol.net\/#website"},"datePublished":"2020-06-17T15:58:16+00:00","dateModified":"2025-08-01T18:29:46+00:00","breadcrumb":{"@id":"https:\/\/www.soundcontrol.net\/solution-finder\/#breadcrumb"},"inLanguage":"fr-FR","potentialAction":[{"@type":"ReadAction","target":["https:\/\/www.soundcontrol.net\/solution-finder\/"]}]},{"@type":"BreadcrumbList","@id":"https:\/\/www.soundcontrol.net\/solution-finder\/#breadcrumb","itemListElement":[{"@type":"ListItem","position":1,"name":"Home","item":"https:\/\/www.soundcontrol.net\/"},{"@type":"ListItem","position":2,"name":"Solution Finder"}]},{"@type":"WebSite","@id":"https:\/\/www.soundcontrol.net\/#website","url":"https:\/\/www.soundcontrol.net\/","name":"Technologies de contr\u00f4le du son","description":"Connectivit\u00e9, livr\u00e9e.","potentialAction":[{"@type":"SearchAction","target":{"@type":"EntryPoint","urlTemplate":"https:\/\/www.soundcontrol.net\/?s={search_term_string}"},"query-input":{"@type":"PropertyValueSpecification","valueRequired":true,"valueName":"search_term_string"}}],"inLanguage":"fr-FR"}]}},"_links":{"self":[{"href":"https:\/\/www.soundcontrol.net\/fr\/wp-json\/wp\/v2\/pages\/13668","targetHints":{"allow":["GET"]}}],"collection":[{"href":"https:\/\/www.soundcontrol.net\/fr\/wp-json\/wp\/v2\/pages"}],"about":[{"href":"https:\/\/www.soundcontrol.net\/fr\/wp-json\/wp\/v2\/types\/page"}],"author":[{"embeddable":true,"href":"https:\/\/www.soundcontrol.net\/fr\/wp-json\/wp\/v2\/users\/33"}],"replies":[{"embeddable":true,"href":"https:\/\/www.soundcontrol.net\/fr\/wp-json\/wp\/v2\/comments?post=13668"}],"version-history":[{"count":0,"href":"https:\/\/www.soundcontrol.net\/fr\/wp-json\/wp\/v2\/pages\/13668\/revisions"}],"wp:attachment":[{"href":"https:\/\/www.soundcontrol.net\/fr\/wp-json\/wp\/v2\/media?parent=13668"}],"curies":[{"name":"wp","href":"https:\/\/api.w.org\/{rel}","templated":true}]}}