{"id":13806,"date":"2020-07-15T15:50:13","date_gmt":"2020-07-15T15:50:13","guid":{"rendered":"https:\/\/soundcontrolte.wpengine.com\/user\/"},"modified":"2020-07-15T15:50:13","modified_gmt":"2020-07-15T15:50:13","slug":"user","status":"publish","type":"page","link":"https:\/\/www.soundcontrol.net\/fr\/user\/","title":{"rendered":"Utilisateur"},"content":{"rendered":"<div class=\"um um-profile um-13804 um-role-\">\n\t<div class=\"um-form\" data-mode=\"profile\" data-form_id=\"13804\">\n\t\t\n\t<div class=\"um-header no-cover\">\n\n\t\t\n\t\t<div class=\"um-profile-photo\" data-user_id=\"0\"  aria-invalid=\"false\" >\n\n\t\t\t<a href=\"\" class=\"um-profile-photo-img\" title=\"\">\n\t\t\t\t<img alt='' src='https:\/\/secure.gravatar.com\/avatar\/?s=190&#038;d=mm&#038;r=g' srcset='https:\/\/secure.gravatar.com\/avatar\/?s=380&#038;d=mm&#038;r=g 2x' class='avatar avatar-190 photo avatar-default' height='190' width='190' \/>\t\t\t<\/a>\n\n\t\t\t\n\t\t<\/div>\n\n\t\t<div class=\"um-profile-meta\">\n\n\t\t\t\n\t\t\t<div class=\"um-main-meta\">\n\n\t\t\t\t\t\t\t\t\t<div class=\"um-name\">\n\n\t\t\t\t\t\t<a href=\"\"\n\t\t\t\t\t\t   title=\"\"><\/a>\n\n\t\t\t\t\t\t\t\t\t\t\t<\/div>\n\t\t\t\t\n\t\t\t\t<div class=\"um-clear\"><\/div>\n\n\t\t\t\t\n\t\t\t<\/div>\n\n\t\t\t\n\t\t\t<div class=\"um-profile-status\">\n\t\t\t\t<span>\n\t\t\t\t\tL\u2019\u00e9tat de ce compte est \u00ab\u00a0Undefined\u00a0\u00bb\t\t\t\t<\/span>\n\t\t\t<\/div>\n\n\t\t\t\t\t<\/div>\n\t\t<div class=\"um-clear\"><\/div>\n\n\t\t\n\t<\/div>\n\n\t\n\t\t<div class=\"um-profile-navbar\">\n\t\t\t\t\t\t<div class=\"um-clear\"><\/div>\n\t\t<\/div>\n\n\t\t\t<\/div>\n<\/div>\n<style>\n\t\t\t.um-13804.um {\n\t\t\tmax-width: 1000px;\n\t\t}\n\t\t<\/style>\n<style>\n\t\t\t.um-13804.um .um-profile-body {\n\t\t\tmax-width: 600px;\n\t\t}\n\t\t.um-13804.um .um-profile-photo a.um-profile-photo-img {\n\t\twidth: 190px;\n\t\theight: 190px;\n\t}\n\t.um-13804.um .um-profile-photo a.um-profile-photo-img {\n\t\ttop: -105px;\n\t}\n\t\t\t.um-13804.um .um-profile-meta {\n\t\t\tpadding-left: 250px;\n\t\t}\n\t<\/style>","protected":false},"excerpt":{"rendered":"","protected":false},"author":33,"featured_media":0,"parent":0,"menu_order":0,"comment_status":"closed","ping_status":"closed","template":"","meta":{"_acf_changed":false,"publish_to_discourse":"","publish_post_category":"","wpdc_auto_publish_overridden":"","wpdc_topic_tags":"","wpdc_pin_topic":"","wpdc_pin_until":"","discourse_post_id":"","discourse_permalink":"","wpdc_publishing_response":"","wpdc_publishing_error":"","_monsterinsights_skip_tracking":false,"_monsterinsights_sitenote_active":false,"_monsterinsights_sitenote_note":"","_monsterinsights_sitenote_category":0,"footnotes":""},"class_list":["post-13806","page","type-page","status-publish","hentry","no-post-thumbnail"],"acf":[],"yoast_head":"<!-- This site is optimized with the Yoast SEO plugin v27.2 - https:\/\/yoast.com\/product\/yoast-seo-wordpress\/ -->\n<title>User - Sound Control Technologies<\/title>\n<meta name=\"robots\" content=\"index, follow, max-snippet:-1, max-image-preview:large, max-video-preview:-1\" \/>\n<link rel=\"canonical\" href=\"https:\/\/www.soundcontrol.net\/fr\/user\/\" \/>\n<meta property=\"og:locale\" content=\"fr_FR\" \/>\n<meta property=\"og:type\" content=\"article\" \/>\n<meta property=\"og:title\" content=\"User - Sound Control Technologies\" \/>\n<meta property=\"og:url\" content=\"https:\/\/www.soundcontrol.net\/fr\/user\/\" \/>\n<meta property=\"og:site_name\" content=\"Sound Control Technologies\" \/>\n<meta name=\"twitter:card\" content=\"summary_large_image\" \/>\n<script type=\"application\/ld+json\" class=\"yoast-schema-graph\">{\"@context\":\"https:\/\/schema.org\",\"@graph\":[{\"@type\":\"WebPage\",\"@id\":\"https:\/\/www.soundcontrol.net\/user\/\",\"url\":\"https:\/\/www.soundcontrol.net\/user\/\",\"name\":\"User - Sound Control Technologies\",\"isPartOf\":{\"@id\":\"https:\/\/www.soundcontrol.net\/#website\"},\"datePublished\":\"2020-07-15T15:50:13+00:00\",\"breadcrumb\":{\"@id\":\"https:\/\/www.soundcontrol.net\/user\/#breadcrumb\"},\"inLanguage\":\"fr-FR\",\"potentialAction\":[{\"@type\":\"ReadAction\",\"target\":[\"https:\/\/www.soundcontrol.net\/user\/\"]}]},{\"@type\":\"BreadcrumbList\",\"@id\":\"https:\/\/www.soundcontrol.net\/user\/#breadcrumb\",\"itemListElement\":[{\"@type\":\"ListItem\",\"position\":1,\"name\":\"Home\",\"item\":\"https:\/\/www.soundcontrol.net\/\"},{\"@type\":\"ListItem\",\"position\":2,\"name\":\"User\"}]},{\"@type\":\"WebSite\",\"@id\":\"https:\/\/www.soundcontrol.net\/#website\",\"url\":\"https:\/\/www.soundcontrol.net\/\",\"name\":\"Sound Control Technologies\",\"description\":\"Connectivity, Delivered.\",\"potentialAction\":[{\"@type\":\"SearchAction\",\"target\":{\"@type\":\"EntryPoint\",\"urlTemplate\":\"https:\/\/www.soundcontrol.net\/?s={search_term_string}\"},\"query-input\":{\"@type\":\"PropertyValueSpecification\",\"valueRequired\":true,\"valueName\":\"search_term_string\"}}],\"inLanguage\":\"fr-FR\"}]}<\/script>\n<!-- \/ Yoast SEO plugin. -->","yoast_head_json":{"title":"User - Sound Control Technologies","robots":{"index":"index","follow":"follow","max-snippet":"max-snippet:-1","max-image-preview":"max-image-preview:large","max-video-preview":"max-video-preview:-1"},"canonical":"https:\/\/www.soundcontrol.net\/fr\/user\/","og_locale":"fr_FR","og_type":"article","og_title":"User - Sound Control Technologies","og_url":"https:\/\/www.soundcontrol.net\/fr\/user\/","og_site_name":"Sound Control Technologies","twitter_card":"summary_large_image","schema":{"@context":"https:\/\/schema.org","@graph":[{"@type":"WebPage","@id":"https:\/\/www.soundcontrol.net\/user\/","url":"https:\/\/www.soundcontrol.net\/user\/","name":"User - Sound Control Technologies","isPartOf":{"@id":"https:\/\/www.soundcontrol.net\/#website"},"datePublished":"2020-07-15T15:50:13+00:00","breadcrumb":{"@id":"https:\/\/www.soundcontrol.net\/user\/#breadcrumb"},"inLanguage":"fr-FR","potentialAction":[{"@type":"ReadAction","target":["https:\/\/www.soundcontrol.net\/user\/"]}]},{"@type":"BreadcrumbList","@id":"https:\/\/www.soundcontrol.net\/user\/#breadcrumb","itemListElement":[{"@type":"ListItem","position":1,"name":"Home","item":"https:\/\/www.soundcontrol.net\/"},{"@type":"ListItem","position":2,"name":"User"}]},{"@type":"WebSite","@id":"https:\/\/www.soundcontrol.net\/#website","url":"https:\/\/www.soundcontrol.net\/","name":"Technologies de contr\u00f4le du son","description":"Connectivit\u00e9, livr\u00e9e.","potentialAction":[{"@type":"SearchAction","target":{"@type":"EntryPoint","urlTemplate":"https:\/\/www.soundcontrol.net\/?s={search_term_string}"},"query-input":{"@type":"PropertyValueSpecification","valueRequired":true,"valueName":"search_term_string"}}],"inLanguage":"fr-FR"}]}},"_links":{"self":[{"href":"https:\/\/www.soundcontrol.net\/fr\/wp-json\/wp\/v2\/pages\/13806","targetHints":{"allow":["GET"]}}],"collection":[{"href":"https:\/\/www.soundcontrol.net\/fr\/wp-json\/wp\/v2\/pages"}],"about":[{"href":"https:\/\/www.soundcontrol.net\/fr\/wp-json\/wp\/v2\/types\/page"}],"author":[{"embeddable":true,"href":"https:\/\/www.soundcontrol.net\/fr\/wp-json\/wp\/v2\/users\/33"}],"replies":[{"embeddable":true,"href":"https:\/\/www.soundcontrol.net\/fr\/wp-json\/wp\/v2\/comments?post=13806"}],"version-history":[{"count":0,"href":"https:\/\/www.soundcontrol.net\/fr\/wp-json\/wp\/v2\/pages\/13806\/revisions"}],"wp:attachment":[{"href":"https:\/\/www.soundcontrol.net\/fr\/wp-json\/wp\/v2\/media?parent=13806"}],"curies":[{"name":"wp","href":"https:\/\/api.w.org\/{rel}","templated":true}]}}