{"id":3,"date":"2020-06-05T14:40:07","date_gmt":"2020-06-05T14:40:07","guid":{"rendered":"https:\/\/soundcontrolte.wpengine.com\/?page_id=3"},"modified":"2023-03-24T11:47:58","modified_gmt":"2023-03-24T15:47:58","slug":"privacy-policy","status":"publish","type":"page","link":"https:\/\/www.soundcontrol.net\/fr\/privacy-policy\/","title":{"rendered":"politique de confidentialit\u00e9"},"content":{"rendered":"<div id=\"cs-content\" class=\"cs-content\"><\/div>","protected":false},"excerpt":{"rendered":"<p>politique de confidentialit\u00e9Sound Control Technologies respecte votre vie priv\u00e9e et s&#039;engage \u00e0 la prot\u00e9ger. Cette d\u00e9claration de confidentialit\u00e9 explique nos politiques et pratiques lorsque vous visitez notre site. Gr\u00e2ce \u00e0 cette divulgation, nous\u2026<\/p>","protected":false},"author":1,"featured_media":0,"parent":0,"menu_order":0,"comment_status":"closed","ping_status":"closed","template":"template-blank-4.php","meta":{"_acf_changed":false,"publish_to_discourse":"","publish_post_category":"","wpdc_auto_publish_overridden":"","wpdc_topic_tags":"","wpdc_pin_topic":"","wpdc_pin_until":"","discourse_post_id":"","discourse_permalink":"","wpdc_publishing_response":"","wpdc_publishing_error":"","_monsterinsights_skip_tracking":false,"_monsterinsights_sitenote_active":false,"_monsterinsights_sitenote_note":"","_monsterinsights_sitenote_category":0,"footnotes":""},"class_list":["post-3","page","type-page","status-publish","hentry","no-post-thumbnail"],"acf":[],"yoast_head":"<!-- This site is optimized with the Yoast SEO plugin v27.3 - https:\/\/yoast.com\/product\/yoast-seo-wordpress\/ -->\n<title>Privacy Policy - Sound Control Technologies<\/title>\n<meta name=\"robots\" content=\"index, follow, max-snippet:-1, max-image-preview:large, max-video-preview:-1\" \/>\n<link rel=\"canonical\" href=\"https:\/\/www.soundcontrol.net\/fr\/privacy-policy\/\" \/>\n<meta property=\"og:locale\" content=\"fr_FR\" \/>\n<meta property=\"og:type\" content=\"article\" \/>\n<meta property=\"og:title\" content=\"Privacy Policy - Sound Control Technologies\" \/>\n<meta property=\"og:description\" content=\"privacy policySound Control Technologies respects your privacy and is committed to protecting it. This privacy statement explains our policies and practices while you visit our site. Through this disclosure, we ...\" \/>\n<meta property=\"og:url\" content=\"https:\/\/www.soundcontrol.net\/fr\/privacy-policy\/\" \/>\n<meta property=\"og:site_name\" content=\"Sound Control Technologies\" \/>\n<meta property=\"article:modified_time\" content=\"2023-03-24T15:47:58+00:00\" \/>\n<meta name=\"twitter:card\" content=\"summary_large_image\" \/>\n<meta name=\"twitter:label1\" content=\"Dur\u00e9e de lecture estim\u00e9e\" \/>\n\t<meta name=\"twitter:data1\" content=\"4 minutes\" \/>\n<script type=\"application\/ld+json\" class=\"yoast-schema-graph\">{\"@context\":\"https:\\\/\\\/schema.org\",\"@graph\":[{\"@type\":\"WebPage\",\"@id\":\"https:\\\/\\\/www.soundcontrol.net\\\/privacy-policy\\\/\",\"url\":\"https:\\\/\\\/www.soundcontrol.net\\\/privacy-policy\\\/\",\"name\":\"Privacy Policy - Sound Control Technologies\",\"isPartOf\":{\"@id\":\"https:\\\/\\\/www.soundcontrol.net\\\/#website\"},\"datePublished\":\"2020-06-05T14:40:07+00:00\",\"dateModified\":\"2023-03-24T15:47:58+00:00\",\"breadcrumb\":{\"@id\":\"https:\\\/\\\/www.soundcontrol.net\\\/privacy-policy\\\/#breadcrumb\"},\"inLanguage\":\"fr-FR\",\"potentialAction\":[{\"@type\":\"ReadAction\",\"target\":[\"https:\\\/\\\/www.soundcontrol.net\\\/privacy-policy\\\/\"]}]},{\"@type\":\"BreadcrumbList\",\"@id\":\"https:\\\/\\\/www.soundcontrol.net\\\/privacy-policy\\\/#breadcrumb\",\"itemListElement\":[{\"@type\":\"ListItem\",\"position\":1,\"name\":\"Home\",\"item\":\"https:\\\/\\\/www.soundcontrol.net\\\/\"},{\"@type\":\"ListItem\",\"position\":2,\"name\":\"Privacy Policy\"}]},{\"@type\":\"WebSite\",\"@id\":\"https:\\\/\\\/www.soundcontrol.net\\\/#website\",\"url\":\"https:\\\/\\\/www.soundcontrol.net\\\/\",\"name\":\"Sound Control Technologies\",\"description\":\"Connectivity, Delivered.\",\"potentialAction\":[{\"@type\":\"SearchAction\",\"target\":{\"@type\":\"EntryPoint\",\"urlTemplate\":\"https:\\\/\\\/www.soundcontrol.net\\\/?s={search_term_string}\"},\"query-input\":{\"@type\":\"PropertyValueSpecification\",\"valueRequired\":true,\"valueName\":\"search_term_string\"}}],\"inLanguage\":\"fr-FR\"}]}<\/script>\n<!-- \/ Yoast SEO plugin. -->","yoast_head_json":{"title":"Privacy Policy - Sound Control Technologies","robots":{"index":"index","follow":"follow","max-snippet":"max-snippet:-1","max-image-preview":"max-image-preview:large","max-video-preview":"max-video-preview:-1"},"canonical":"https:\/\/www.soundcontrol.net\/fr\/privacy-policy\/","og_locale":"fr_FR","og_type":"article","og_title":"Privacy Policy - Sound Control Technologies","og_description":"privacy policySound Control Technologies respects your privacy and is committed to protecting it. This privacy statement explains our policies and practices while you visit our site. Through this disclosure, we ...","og_url":"https:\/\/www.soundcontrol.net\/fr\/privacy-policy\/","og_site_name":"Sound Control Technologies","article_modified_time":"2023-03-24T15:47:58+00:00","twitter_card":"summary_large_image","twitter_misc":{"Dur\u00e9e de lecture estim\u00e9e":"4 minutes"},"schema":{"@context":"https:\/\/schema.org","@graph":[{"@type":"WebPage","@id":"https:\/\/www.soundcontrol.net\/privacy-policy\/","url":"https:\/\/www.soundcontrol.net\/privacy-policy\/","name":"Privacy Policy - Sound Control Technologies","isPartOf":{"@id":"https:\/\/www.soundcontrol.net\/#website"},"datePublished":"2020-06-05T14:40:07+00:00","dateModified":"2023-03-24T15:47:58+00:00","breadcrumb":{"@id":"https:\/\/www.soundcontrol.net\/privacy-policy\/#breadcrumb"},"inLanguage":"fr-FR","potentialAction":[{"@type":"ReadAction","target":["https:\/\/www.soundcontrol.net\/privacy-policy\/"]}]},{"@type":"BreadcrumbList","@id":"https:\/\/www.soundcontrol.net\/privacy-policy\/#breadcrumb","itemListElement":[{"@type":"ListItem","position":1,"name":"Home","item":"https:\/\/www.soundcontrol.net\/"},{"@type":"ListItem","position":2,"name":"Privacy Policy"}]},{"@type":"WebSite","@id":"https:\/\/www.soundcontrol.net\/#website","url":"https:\/\/www.soundcontrol.net\/","name":"Technologies de contr\u00f4le du son","description":"Connectivit\u00e9, livr\u00e9e.","potentialAction":[{"@type":"SearchAction","target":{"@type":"EntryPoint","urlTemplate":"https:\/\/www.soundcontrol.net\/?s={search_term_string}"},"query-input":{"@type":"PropertyValueSpecification","valueRequired":true,"valueName":"search_term_string"}}],"inLanguage":"fr-FR"}]}},"_links":{"self":[{"href":"https:\/\/www.soundcontrol.net\/fr\/wp-json\/wp\/v2\/pages\/3","targetHints":{"allow":["GET"]}}],"collection":[{"href":"https:\/\/www.soundcontrol.net\/fr\/wp-json\/wp\/v2\/pages"}],"about":[{"href":"https:\/\/www.soundcontrol.net\/fr\/wp-json\/wp\/v2\/types\/page"}],"author":[{"embeddable":true,"href":"https:\/\/www.soundcontrol.net\/fr\/wp-json\/wp\/v2\/users\/1"}],"replies":[{"embeddable":true,"href":"https:\/\/www.soundcontrol.net\/fr\/wp-json\/wp\/v2\/comments?post=3"}],"version-history":[{"count":0,"href":"https:\/\/www.soundcontrol.net\/fr\/wp-json\/wp\/v2\/pages\/3\/revisions"}],"wp:attachment":[{"href":"https:\/\/www.soundcontrol.net\/fr\/wp-json\/wp\/v2\/media?parent=3"}],"curies":[{"name":"wp","href":"https:\/\/api.w.org\/{rel}","templated":true}]}}