{"id":23477,"date":"2021-12-13T18:03:07","date_gmt":"2021-12-13T23:03:07","guid":{"rendered":"https:\/\/www.soundcontrol.net\/rc-eda-database\/"},"modified":"2024-01-17T09:24:37","modified_gmt":"2024-01-17T14:24:37","slug":"rc-eda-database","status":"publish","type":"page","link":"https:\/\/www.soundcontrol.net\/pl\/support-old\/rc-eda-database\/","title":{"rendered":"Baza danych RC-EDA"},"content":{"rendered":"<div id=\"cs-content\" class=\"cs-content\"><\/div>","protected":false},"excerpt":{"rendered":"<p>ProductsUSB Camera Extension Kits RCU3SL NEW! USB 3.2\/RS-232\/Power 300&#8242; Camera Extension RCU2E USB 2.0\/Ethernet\/Power 300&#8242; Camera Extension RCU2S USB 2.0\/RS-232\/Power 300&#8242; Camera Extension Media Bridges &#038; Hubs MDC6 Serial Hub &#8230;<\/p>","protected":false},"author":33,"featured_media":0,"parent":20861,"menu_order":0,"comment_status":"closed","ping_status":"closed","template":"template-blank-4.php","meta":{"_acf_changed":false,"publish_to_discourse":"","publish_post_category":"","wpdc_auto_publish_overridden":"","wpdc_topic_tags":"","wpdc_pin_topic":"","wpdc_pin_until":"","discourse_post_id":"","discourse_permalink":"","wpdc_publishing_response":"","wpdc_publishing_error":"","_monsterinsights_skip_tracking":false,"_monsterinsights_sitenote_active":false,"_monsterinsights_sitenote_note":"","_monsterinsights_sitenote_category":0,"footnotes":""},"class_list":["post-23477","page","type-page","status-publish","hentry","no-post-thumbnail"],"acf":[],"yoast_head":"<!-- This site is optimized with the Yoast SEO plugin v27.4 - https:\/\/yoast.com\/product\/yoast-seo-wordpress\/ -->\n<title>RC-EDA Database - Sound Control Technologies<\/title>\n<meta name=\"robots\" content=\"index, follow, max-snippet:-1, max-image-preview:large, max-video-preview:-1\" \/>\n<link rel=\"canonical\" href=\"https:\/\/www.soundcontrol.net\/pl\/support-old\/rc-eda-database\/\" \/>\n<meta property=\"og:locale\" content=\"pl_PL\" \/>\n<meta property=\"og:type\" content=\"article\" \/>\n<meta property=\"og:title\" content=\"RC-EDA Database - Sound Control Technologies\" \/>\n<meta property=\"og:description\" content=\"ProductsUSB Camera Extension Kits RCU3SL NEW! USB 3.2\/RS-232\/Power 300&#8242; Camera Extension RCU2E USB 2.0\/Ethernet\/Power 300&#8242; Camera Extension RCU2S USB 2.0\/RS-232\/Power 300&#8242; Camera Extension Media Bridges &#038; Hubs MDC6 Serial Hub ...\" \/>\n<meta property=\"og:url\" content=\"https:\/\/www.soundcontrol.net\/pl\/support-old\/rc-eda-database\/\" \/>\n<meta property=\"og:site_name\" content=\"Sound Control Technologies\" \/>\n<meta property=\"article:modified_time\" content=\"2024-01-17T14:24:37+00:00\" \/>\n<meta name=\"twitter:card\" content=\"summary_large_image\" \/>\n<meta name=\"twitter:label1\" content=\"Szacowany czas czytania\" \/>\n\t<meta name=\"twitter:data1\" content=\"2 minuty\" \/>\n<script type=\"application\/ld+json\" class=\"yoast-schema-graph\">{\"@context\":\"https:\\\/\\\/schema.org\",\"@graph\":[{\"@type\":\"WebPage\",\"@id\":\"https:\\\/\\\/www.soundcontrol.net\\\/support-old\\\/rc-eda-database\\\/\",\"url\":\"https:\\\/\\\/www.soundcontrol.net\\\/support-old\\\/rc-eda-database\\\/\",\"name\":\"RC-EDA Database - Sound Control Technologies\",\"isPartOf\":{\"@id\":\"https:\\\/\\\/www.soundcontrol.net\\\/#website\"},\"datePublished\":\"2021-12-13T23:03:07+00:00\",\"dateModified\":\"2024-01-17T14:24:37+00:00\",\"breadcrumb\":{\"@id\":\"https:\\\/\\\/www.soundcontrol.net\\\/support-old\\\/rc-eda-database\\\/#breadcrumb\"},\"inLanguage\":\"pl-PL\",\"potentialAction\":[{\"@type\":\"ReadAction\",\"target\":[\"https:\\\/\\\/www.soundcontrol.net\\\/support-old\\\/rc-eda-database\\\/\"]}]},{\"@type\":\"BreadcrumbList\",\"@id\":\"https:\\\/\\\/www.soundcontrol.net\\\/support-old\\\/rc-eda-database\\\/#breadcrumb\",\"itemListElement\":[{\"@type\":\"ListItem\",\"position\":1,\"name\":\"Home\",\"item\":\"https:\\\/\\\/www.soundcontrol.net\\\/\"},{\"@type\":\"ListItem\",\"position\":2,\"name\":\"Support\",\"item\":\"https:\\\/\\\/www.soundcontrol.net\\\/?page_id=20861\"},{\"@type\":\"ListItem\",\"position\":3,\"name\":\"RC-EDA Database\"}]},{\"@type\":\"WebSite\",\"@id\":\"https:\\\/\\\/www.soundcontrol.net\\\/#website\",\"url\":\"https:\\\/\\\/www.soundcontrol.net\\\/\",\"name\":\"Sound Control Technologies\",\"description\":\"Connectivity, Delivered.\",\"potentialAction\":[{\"@type\":\"SearchAction\",\"target\":{\"@type\":\"EntryPoint\",\"urlTemplate\":\"https:\\\/\\\/www.soundcontrol.net\\\/?s={search_term_string}\"},\"query-input\":{\"@type\":\"PropertyValueSpecification\",\"valueRequired\":true,\"valueName\":\"search_term_string\"}}],\"inLanguage\":\"pl-PL\"}]}<\/script>\n<!-- \/ Yoast SEO plugin. -->","yoast_head_json":{"title":"RC-EDA Database - Sound Control Technologies","robots":{"index":"index","follow":"follow","max-snippet":"max-snippet:-1","max-image-preview":"max-image-preview:large","max-video-preview":"max-video-preview:-1"},"canonical":"https:\/\/www.soundcontrol.net\/pl\/support-old\/rc-eda-database\/","og_locale":"pl_PL","og_type":"article","og_title":"RC-EDA Database - Sound Control Technologies","og_description":"ProductsUSB Camera Extension Kits RCU3SL NEW! USB 3.2\/RS-232\/Power 300&#8242; Camera Extension RCU2E USB 2.0\/Ethernet\/Power 300&#8242; Camera Extension RCU2S USB 2.0\/RS-232\/Power 300&#8242; Camera Extension Media Bridges &#038; Hubs MDC6 Serial Hub ...","og_url":"https:\/\/www.soundcontrol.net\/pl\/support-old\/rc-eda-database\/","og_site_name":"Sound Control Technologies","article_modified_time":"2024-01-17T14:24:37+00:00","twitter_card":"summary_large_image","twitter_misc":{"Szacowany czas czytania":"2 minuty"},"schema":{"@context":"https:\/\/schema.org","@graph":[{"@type":"WebPage","@id":"https:\/\/www.soundcontrol.net\/support-old\/rc-eda-database\/","url":"https:\/\/www.soundcontrol.net\/support-old\/rc-eda-database\/","name":"RC-EDA Database - Sound Control Technologies","isPartOf":{"@id":"https:\/\/www.soundcontrol.net\/#website"},"datePublished":"2021-12-13T23:03:07+00:00","dateModified":"2024-01-17T14:24:37+00:00","breadcrumb":{"@id":"https:\/\/www.soundcontrol.net\/support-old\/rc-eda-database\/#breadcrumb"},"inLanguage":"pl-PL","potentialAction":[{"@type":"ReadAction","target":["https:\/\/www.soundcontrol.net\/support-old\/rc-eda-database\/"]}]},{"@type":"BreadcrumbList","@id":"https:\/\/www.soundcontrol.net\/support-old\/rc-eda-database\/#breadcrumb","itemListElement":[{"@type":"ListItem","position":1,"name":"Home","item":"https:\/\/www.soundcontrol.net\/"},{"@type":"ListItem","position":2,"name":"Support","item":"https:\/\/www.soundcontrol.net\/?page_id=20861"},{"@type":"ListItem","position":3,"name":"RC-EDA Database"}]},{"@type":"WebSite","@id":"https:\/\/www.soundcontrol.net\/#website","url":"https:\/\/www.soundcontrol.net\/","name":"Technologie kontroli d\u017awi\u0119ku","description":"\u0141\u0105czno\u015b\u0107 dostarczona.","potentialAction":[{"@type":"SearchAction","target":{"@type":"EntryPoint","urlTemplate":"https:\/\/www.soundcontrol.net\/?s={search_term_string}"},"query-input":{"@type":"PropertyValueSpecification","valueRequired":true,"valueName":"search_term_string"}}],"inLanguage":"pl-PL"}]}},"_links":{"self":[{"href":"https:\/\/www.soundcontrol.net\/pl\/wp-json\/wp\/v2\/pages\/23477","targetHints":{"allow":["GET"]}}],"collection":[{"href":"https:\/\/www.soundcontrol.net\/pl\/wp-json\/wp\/v2\/pages"}],"about":[{"href":"https:\/\/www.soundcontrol.net\/pl\/wp-json\/wp\/v2\/types\/page"}],"author":[{"embeddable":true,"href":"https:\/\/www.soundcontrol.net\/pl\/wp-json\/wp\/v2\/users\/33"}],"replies":[{"embeddable":true,"href":"https:\/\/www.soundcontrol.net\/pl\/wp-json\/wp\/v2\/comments?post=23477"}],"version-history":[{"count":0,"href":"https:\/\/www.soundcontrol.net\/pl\/wp-json\/wp\/v2\/pages\/23477\/revisions"}],"up":[{"embeddable":true,"href":"https:\/\/www.soundcontrol.net\/pl\/wp-json\/wp\/v2\/pages\/20861"}],"wp:attachment":[{"href":"https:\/\/www.soundcontrol.net\/pl\/wp-json\/wp\/v2\/media?parent=23477"}],"curies":[{"name":"wp","href":"https:\/\/api.w.org\/{rel}","templated":true}]}}