{"id":50211,"date":"2024-07-16T19:25:16","date_gmt":"2024-07-16T23:25:16","guid":{"rendered":"https:\/\/www.soundcontrol.net\/?page_id=50211"},"modified":"2025-09-22T17:06:40","modified_gmt":"2025-09-22T21:06:40","slug":"news-press","status":"publish","type":"page","link":"https:\/\/www.soundcontrol.net\/pl\/news-press\/","title":{"rendered":"Aktualno\u015bci i prasa"},"content":{"rendered":"<h1 class=\"wp-block-heading has-text-align-center newspress\">Aktualno\u015bci i prasa<\/h1>\n\n\n\n<div class=\"wp-block-query alignfull newspress is-layout-flow wp-block-query-is-layout-flow\"><ul class=\"columns-3 wp-block-post-template is-layout-grid wp-container-core-post-template-is-layout-2f3213d7 wp-block-post-template-is-layout-grid\"><li class=\"wp-block-post post-55569 post type-post status-publish format-standard has-post-thumbnail hentry category-news\">\n<figure style=\"aspect-ratio:3\/2;\" class=\"wp-block-post-featured-image\"><a href=\"https:\/\/www.soundcontrol.net\/pl\/sct-introduces-api-12-adapter-for-high-power-poe-camera-deployments\/\" target=\"_self\"  ><img loading=\"lazy\" decoding=\"async\" width=\"1000\" height=\"763\" src=\"https:\/\/www.soundcontrol.net\/wp-content\/uploads\/2026\/03\/API-12-Front-small.png\" class=\"attachment-large size-large wp-post-image\" alt=\"SCT Introduces API-12 Auxiliary Power Injector for High-Power PoE Camera Deployments\" style=\"width:100%;height:100%;object-fit:contain;\" srcset=\"https:\/\/www.soundcontrol.net\/wp-content\/uploads\/2026\/03\/API-12-Front-small.png 1000w, https:\/\/www.soundcontrol.net\/wp-content\/uploads\/2026\/03\/API-12-Front-small-300x229.png 300w, https:\/\/www.soundcontrol.net\/wp-content\/uploads\/2026\/03\/API-12-Front-small-150x114.png 150w, https:\/\/www.soundcontrol.net\/wp-content\/uploads\/2026\/03\/API-12-Front-small-768x586.png 768w, https:\/\/www.soundcontrol.net\/wp-content\/uploads\/2026\/03\/API-12-Front-small-16x12.png 16w, https:\/\/www.soundcontrol.net\/wp-content\/uploads\/2026\/03\/API-12-Front-small-100x76.png 100w, https:\/\/www.soundcontrol.net\/wp-content\/uploads\/2026\/03\/API-12-Front-small-600x458.png 600w\" sizes=\"auto, (max-width: 1000px) 100vw, 1000px\" \/><\/a><\/figure>\n\n<div class=\"wp-block-post-date\"><time datetime=\"2026-03-19T10:49:05-04:00\">19 marca, 2026<\/time><\/div>\n\n<h4 class=\"wp-block-post-title\"><a href=\"https:\/\/www.soundcontrol.net\/pl\/sct-introduces-api-12-adapter-for-high-power-poe-camera-deployments\/\" target=\"_self\" >SCT Introduces API-12 Auxiliary Power Injector for High-Power PoE Camera Deployments<\/a><\/h4>\n<\/li><li class=\"wp-block-post post-55385 post type-post status-publish format-standard has-post-thumbnail hentry category-news\">\n<figure style=\"aspect-ratio:3\/2;\" class=\"wp-block-post-featured-image\"><a href=\"https:\/\/www.soundcontrol.net\/pl\/a-year-end-note-from-our-ceo\/\" target=\"_self\"  ><img loading=\"lazy\" decoding=\"async\" width=\"1024\" height=\"1024\" src=\"https:\/\/www.soundcontrol.net\/wp-content\/uploads\/2025\/12\/sct_2026-1024x1024.jpeg\" class=\"attachment-large size-large wp-post-image\" alt=\"A Year-End Note from Our CEO\" style=\"width:100%;height:100%;object-fit:contain;\" srcset=\"https:\/\/www.soundcontrol.net\/wp-content\/uploads\/2025\/12\/sct_2026-1024x1024.jpeg 1024w, https:\/\/www.soundcontrol.net\/wp-content\/uploads\/2025\/12\/sct_2026-300x300.jpeg 300w, https:\/\/www.soundcontrol.net\/wp-content\/uploads\/2025\/12\/sct_2026-150x150.jpeg 150w, https:\/\/www.soundcontrol.net\/wp-content\/uploads\/2025\/12\/sct_2026-768x768.jpeg 768w, https:\/\/www.soundcontrol.net\/wp-content\/uploads\/2025\/12\/sct_2026-1536x1536.jpeg 1536w, https:\/\/www.soundcontrol.net\/wp-content\/uploads\/2025\/12\/sct_2026-12x12.jpeg 12w, https:\/\/www.soundcontrol.net\/wp-content\/uploads\/2025\/12\/sct_2026-100x100.jpeg 100w, https:\/\/www.soundcontrol.net\/wp-content\/uploads\/2025\/12\/sct_2026-1500x1500.jpeg 1500w, https:\/\/www.soundcontrol.net\/wp-content\/uploads\/2025\/12\/sct_2026-600x600.jpeg 600w, https:\/\/www.soundcontrol.net\/wp-content\/uploads\/2025\/12\/sct_2026.jpeg 1920w\" sizes=\"auto, (max-width: 1024px) 100vw, 1024px\" \/><\/a><\/figure>\n\n<div class=\"wp-block-post-date\"><time datetime=\"2025-12-31T10:45:20-05:00\">31 grudnia, 2025<\/time><\/div>\n\n<h4 class=\"wp-block-post-title\"><a href=\"https:\/\/www.soundcontrol.net\/pl\/a-year-end-note-from-our-ceo\/\" target=\"_self\" >A Year-End Note from Our CEO<\/a><\/h4>\n<\/li><li class=\"wp-block-post post-54950 post type-post status-publish format-standard has-post-thumbnail hentry category-news\">\n<figure style=\"aspect-ratio:3\/2;\" class=\"wp-block-post-featured-image\"><a href=\"https:\/\/www.soundcontrol.net\/pl\/sct-launches-microceries-modular-usb-c-solutions-for-dp-alt-mode-power-delivery-and-usb-extension\/\" target=\"_self\"  ><img loading=\"lazy\" decoding=\"async\" width=\"800\" height=\"800\" src=\"https:\/\/www.soundcontrol.net\/wp-content\/uploads\/2025\/09\/sct-modular-solutions-usb-c-cable-square.jpg\" class=\"attachment-large size-large wp-post-image\" alt=\"SCT Launches micro(C)eries: Modular USB-C Solutions for DP Alt Mode, Power Delivery, and USB Extension\" style=\"width:100%;height:100%;object-fit:contain;\" srcset=\"https:\/\/www.soundcontrol.net\/wp-content\/uploads\/2025\/09\/sct-modular-solutions-usb-c-cable-square.jpg 800w, https:\/\/www.soundcontrol.net\/wp-content\/uploads\/2025\/09\/sct-modular-solutions-usb-c-cable-square-300x300.jpg 300w, https:\/\/www.soundcontrol.net\/wp-content\/uploads\/2025\/09\/sct-modular-solutions-usb-c-cable-square-150x150.jpg 150w, https:\/\/www.soundcontrol.net\/wp-content\/uploads\/2025\/09\/sct-modular-solutions-usb-c-cable-square-768x768.jpg 768w, https:\/\/www.soundcontrol.net\/wp-content\/uploads\/2025\/09\/sct-modular-solutions-usb-c-cable-square-12x12.jpg 12w, https:\/\/www.soundcontrol.net\/wp-content\/uploads\/2025\/09\/sct-modular-solutions-usb-c-cable-square-100x100.jpg 100w, https:\/\/www.soundcontrol.net\/wp-content\/uploads\/2025\/09\/sct-modular-solutions-usb-c-cable-square-600x600.jpg 600w\" sizes=\"auto, (max-width: 800px) 100vw, 800px\" \/><\/a><\/figure>\n\n<div class=\"wp-block-post-date\"><time datetime=\"2025-09-23T10:54:14-04:00\">23 wrze\u015bnia, 2025<\/time><\/div>\n\n<h4 class=\"wp-block-post-title\"><a href=\"https:\/\/www.soundcontrol.net\/pl\/sct-launches-microceries-modular-usb-c-solutions-for-dp-alt-mode-power-delivery-and-usb-extension\/\" target=\"_self\" >SCT Launches micro(C)eries: Modular USB-C Solutions for DP Alt Mode, Power Delivery, and USB Extension<\/a><\/h4>\n<\/li><li class=\"wp-block-post post-54890 post type-post status-publish format-standard has-post-thumbnail hentry category-news\">\n<figure style=\"aspect-ratio:3\/2;\" class=\"wp-block-post-featured-image\"><a href=\"https:\/\/www.soundcontrol.net\/pl\/taylor-bagley-joins-sound-control-technologies-as-product-and-training-specialist\/\" target=\"_self\"  ><img loading=\"lazy\" decoding=\"async\" width=\"596\" height=\"596\" src=\"https:\/\/www.soundcontrol.net\/wp-content\/uploads\/2025\/09\/taylor-bagley-head-shot.jpeg\" class=\"attachment-large size-large wp-post-image\" alt=\"Taylor Bagley Joins Sound Control Technologies as Product and Training Specialist\" style=\"width:100%;height:100%;object-fit:contain;\" srcset=\"https:\/\/www.soundcontrol.net\/wp-content\/uploads\/2025\/09\/taylor-bagley-head-shot.jpeg 596w, https:\/\/www.soundcontrol.net\/wp-content\/uploads\/2025\/09\/taylor-bagley-head-shot-300x300.jpeg 300w, https:\/\/www.soundcontrol.net\/wp-content\/uploads\/2025\/09\/taylor-bagley-head-shot-150x150.jpeg 150w, https:\/\/www.soundcontrol.net\/wp-content\/uploads\/2025\/09\/taylor-bagley-head-shot-12x12.jpeg 12w, https:\/\/www.soundcontrol.net\/wp-content\/uploads\/2025\/09\/taylor-bagley-head-shot-100x100.jpeg 100w\" sizes=\"auto, (max-width: 596px) 100vw, 596px\" \/><\/a><\/figure>\n\n<div class=\"wp-block-post-date\"><time datetime=\"2025-09-11T11:42:24-04:00\">11 wrze\u015bnia, 2025<\/time><\/div>\n\n<h4 class=\"wp-block-post-title\"><a href=\"https:\/\/www.soundcontrol.net\/pl\/taylor-bagley-joins-sound-control-technologies-as-product-and-training-specialist\/\" target=\"_self\" >Taylor Bagley Joins Sound Control Technologies as Product and Training Specialist<\/a><\/h4>\n<\/li><li class=\"wp-block-post post-54729 post type-post status-publish format-standard has-post-thumbnail hentry category-news\">\n<figure style=\"aspect-ratio:3\/2;\" class=\"wp-block-post-featured-image\"><a href=\"https:\/\/www.soundcontrol.net\/pl\/sct-unveils-usb-amv-the-first-adapter-to-combine-hdmi-and-usb-into-one-usb-c-dp-alt-mode-connection\/\" target=\"_self\"  ><img loading=\"lazy\" decoding=\"async\" width=\"278\" height=\"156\" src=\"https:\/\/www.soundcontrol.net\/wp-content\/uploads\/2025\/08\/small_sct_product_renders_usb-amv.gif\" class=\"attachment-large size-large wp-post-image\" alt=\"SCT Unveils USB-AMV, the First Adapter to Combine HDMI<sup>\u00ae<\/sup> and USB Into One USB-C DP Alt Mode Connection\" style=\"width:100%;height:100%;object-fit:contain;\" \/><\/a><\/figure>\n\n<div class=\"wp-block-post-date\"><time datetime=\"2025-08-06T10:23:47-04:00\">6 sierpnia, 2025<\/time><\/div>\n\n<h4 class=\"wp-block-post-title\"><a href=\"https:\/\/www.soundcontrol.net\/pl\/sct-unveils-usb-amv-the-first-adapter-to-combine-hdmi-and-usb-into-one-usb-c-dp-alt-mode-connection\/\" target=\"_self\" >SCT Unveils USB-AMV, the First Adapter to Combine HDMI<sup>\u00ae<\/sup> and USB Into One USB-C DP Alt Mode Connection<\/a><\/h4>\n<\/li><li class=\"wp-block-post post-54159 post type-post status-publish format-standard has-post-thumbnail hentry category-news\">\n<figure style=\"aspect-ratio:3\/2;\" class=\"wp-block-post-featured-image\"><a href=\"https:\/\/www.soundcontrol.net\/pl\/sct-releases-usb-pdc-adapter-with-90w-charging-and-full-usb-pass-through-for-clean-single-cable-connectivity\/\" target=\"_self\"  ><img loading=\"lazy\" decoding=\"async\" width=\"556\" height=\"312\" src=\"https:\/\/www.soundcontrol.net\/wp-content\/uploads\/2025\/06\/sct_usb-pdc.gif\" class=\"attachment-large size-large wp-post-image\" alt=\"SCT Releases USB-PDC Adapter With 90W Charging and Full USB Pass-Through for Clean, Single-Cable Connectivity\" style=\"width:100%;height:100%;object-fit:contain;\" \/><\/a><\/figure>\n\n<div class=\"wp-block-post-date\"><time datetime=\"2025-06-19T09:22:48-04:00\">19 czerwca, 2025<\/time><\/div>\n\n<h4 class=\"wp-block-post-title\"><a href=\"https:\/\/www.soundcontrol.net\/pl\/sct-releases-usb-pdc-adapter-with-90w-charging-and-full-usb-pass-through-for-clean-single-cable-connectivity\/\" target=\"_self\" >SCT wprowadza na rynek adapter USB-PDC z \u0142adowaniem 90 W i pe\u0142nym przej\u015bciem USB, zapewniaj\u0105cym czyst\u0105 \u0142\u0105czno\u015b\u0107 za pomoc\u0105 jednego kabla<\/a><\/h4>\n<\/li><li class=\"wp-block-post post-54092 post type-post status-publish format-standard has-post-thumbnail hentry category-news\">\n<figure style=\"aspect-ratio:3\/2;\" class=\"wp-block-post-featured-image\"><a href=\"https:\/\/www.soundcontrol.net\/pl\/sct-introduces-ts1-under-table-mounting-solution-for-streamlined-conference-table-integration\/\" target=\"_self\"  ><img loading=\"lazy\" decoding=\"async\" width=\"1024\" height=\"749\" src=\"https:\/\/www.soundcontrol.net\/wp-content\/uploads\/2025\/06\/ts1-shelf-installed-1024x749.jpg\" class=\"attachment-large size-large wp-post-image\" alt=\"SCT Introduces TS1 Under-Table Mounting Solution for Streamlined Conference Table Integration\" style=\"width:100%;height:100%;object-fit:contain;\" srcset=\"https:\/\/www.soundcontrol.net\/wp-content\/uploads\/2025\/06\/ts1-shelf-installed-1024x749.jpg 1024w, https:\/\/www.soundcontrol.net\/wp-content\/uploads\/2025\/06\/ts1-shelf-installed-300x219.jpg 300w, https:\/\/www.soundcontrol.net\/wp-content\/uploads\/2025\/06\/ts1-shelf-installed-150x110.jpg 150w, https:\/\/www.soundcontrol.net\/wp-content\/uploads\/2025\/06\/ts1-shelf-installed-768x561.jpg 768w, https:\/\/www.soundcontrol.net\/wp-content\/uploads\/2025\/06\/ts1-shelf-installed-1536x1123.jpg 1536w, https:\/\/www.soundcontrol.net\/wp-content\/uploads\/2025\/06\/ts1-shelf-installed-2048x1497.jpg 2048w, https:\/\/www.soundcontrol.net\/wp-content\/uploads\/2025\/06\/ts1-shelf-installed-16x12.jpg 16w, https:\/\/www.soundcontrol.net\/wp-content\/uploads\/2025\/06\/ts1-shelf-installed-100x73.jpg 100w, https:\/\/www.soundcontrol.net\/wp-content\/uploads\/2025\/06\/ts1-shelf-installed-1500x1097.jpg 1500w, https:\/\/www.soundcontrol.net\/wp-content\/uploads\/2025\/06\/ts1-shelf-installed-600x439.jpg 600w\" sizes=\"auto, (max-width: 1024px) 100vw, 1024px\" \/><\/a><\/figure>\n\n<div class=\"wp-block-post-date\"><time datetime=\"2025-06-05T08:09:54-04:00\">5 czerwca 2025<\/time><\/div>\n\n<h4 class=\"wp-block-post-title\"><a href=\"https:\/\/www.soundcontrol.net\/pl\/sct-introduces-ts1-under-table-mounting-solution-for-streamlined-conference-table-integration\/\" target=\"_self\" >SCT wprowadza rozwi\u0105zanie monta\u017cowe TS1 pod sto\u0142em, zapewniaj\u0105ce uproszczon\u0105 integracj\u0119 ze sto\u0142em konferencyjnym<\/a><\/h4>\n<\/li><li class=\"wp-block-post post-53848 post type-post status-publish format-standard has-post-thumbnail hentry category-news\">\n<figure style=\"aspect-ratio:3\/2;\" class=\"wp-block-post-featured-image\"><a href=\"https:\/\/www.soundcontrol.net\/pl\/sct-introduces-pole-mount-for-cisco-ptz-4k-camera-installs\/\" target=\"_self\"  ><img loading=\"lazy\" decoding=\"async\" width=\"1024\" height=\"1024\" src=\"https:\/\/www.soundcontrol.net\/wp-content\/uploads\/2025\/05\/web-rcp-cw4-1024x1024.jpg\" class=\"attachment-large size-large wp-post-image\" alt=\"SCT Introduces Pole Mount for Cleaner Cisco PTZ 4K Camera Installs\" style=\"width:100%;height:100%;object-fit:contain;\" srcset=\"https:\/\/www.soundcontrol.net\/wp-content\/uploads\/2025\/05\/web-rcp-cw4-1024x1024.jpg 1024w, https:\/\/www.soundcontrol.net\/wp-content\/uploads\/2025\/05\/web-rcp-cw4-300x300.jpg 300w, https:\/\/www.soundcontrol.net\/wp-content\/uploads\/2025\/05\/web-rcp-cw4-150x150.jpg 150w, https:\/\/www.soundcontrol.net\/wp-content\/uploads\/2025\/05\/web-rcp-cw4-768x768.jpg 768w, https:\/\/www.soundcontrol.net\/wp-content\/uploads\/2025\/05\/web-rcp-cw4-12x12.jpg 12w, https:\/\/www.soundcontrol.net\/wp-content\/uploads\/2025\/05\/web-rcp-cw4-100x100.jpg 100w, https:\/\/www.soundcontrol.net\/wp-content\/uploads\/2025\/05\/web-rcp-cw4-600x600.jpg 600w, https:\/\/www.soundcontrol.net\/wp-content\/uploads\/2025\/05\/web-rcp-cw4.jpg 1080w\" sizes=\"auto, (max-width: 1024px) 100vw, 1024px\" \/><\/a><\/figure>\n\n<div class=\"wp-block-post-date\"><time datetime=\"2025-05-22T10:28:38-04:00\">22 maja 2025<\/time><\/div>\n\n<h4 class=\"wp-block-post-title\"><a href=\"https:\/\/www.soundcontrol.net\/pl\/sct-introduces-pole-mount-for-cisco-ptz-4k-camera-installs\/\" target=\"_self\" >SCT wprowadza uchwyt na s\u0142up do czystszych instalacji kamer Cisco PTZ 4K<\/a><\/h4>\n<\/li><li class=\"wp-block-post post-53813 post type-post status-publish format-standard has-post-thumbnail hentry category-news\">\n<figure style=\"aspect-ratio:3\/2;\" class=\"wp-block-post-featured-image\"><a href=\"https:\/\/www.soundcontrol.net\/pl\/sct-launches-mdc6-serial-hub-to-simplify-multi-device-monitoring-diagnostics-and-control-with-native-cisco-control-hub-integration\/\" target=\"_self\"  ><img loading=\"lazy\" decoding=\"async\" width=\"1024\" height=\"275\" src=\"https:\/\/www.soundcontrol.net\/wp-content\/uploads\/2025\/05\/webs-MDC6-Stacked-1024x275.jpg\" class=\"attachment-large size-large wp-post-image\" alt=\"SCT Launches MDC6 Serial Hub to Simplify Multi-Device Monitoring, Diagnostics, and Control with Native Cisco Control Hub Integration\" style=\"width:100%;height:100%;object-fit:contain;\" srcset=\"https:\/\/www.soundcontrol.net\/wp-content\/uploads\/2025\/05\/webs-MDC6-Stacked-1024x275.jpg 1024w, https:\/\/www.soundcontrol.net\/wp-content\/uploads\/2025\/05\/webs-MDC6-Stacked-300x81.jpg 300w, https:\/\/www.soundcontrol.net\/wp-content\/uploads\/2025\/05\/webs-MDC6-Stacked-150x40.jpg 150w, https:\/\/www.soundcontrol.net\/wp-content\/uploads\/2025\/05\/webs-MDC6-Stacked-768x206.jpg 768w, https:\/\/www.soundcontrol.net\/wp-content\/uploads\/2025\/05\/webs-MDC6-Stacked-1536x412.jpg 1536w, https:\/\/www.soundcontrol.net\/wp-content\/uploads\/2025\/05\/webs-MDC6-Stacked-18x5.jpg 18w, https:\/\/www.soundcontrol.net\/wp-content\/uploads\/2025\/05\/webs-MDC6-Stacked-100x27.jpg 100w, https:\/\/www.soundcontrol.net\/wp-content\/uploads\/2025\/05\/webs-MDC6-Stacked-1500x403.jpg 1500w, https:\/\/www.soundcontrol.net\/wp-content\/uploads\/2025\/05\/webs-MDC6-Stacked-600x161.jpg 600w, https:\/\/www.soundcontrol.net\/wp-content\/uploads\/2025\/05\/webs-MDC6-Stacked.jpg 2000w\" sizes=\"auto, (max-width: 1024px) 100vw, 1024px\" \/><\/a><\/figure>\n\n<div class=\"wp-block-post-date\"><time datetime=\"2025-05-07T09:35:05-04:00\">7 maja 2025<\/time><\/div>\n\n<h4 class=\"wp-block-post-title\"><a href=\"https:\/\/www.soundcontrol.net\/pl\/sct-launches-mdc6-serial-hub-to-simplify-multi-device-monitoring-diagnostics-and-control-with-native-cisco-control-hub-integration\/\" target=\"_self\" >SCT wprowadza na rynek koncentrator szeregowy MDC6, kt\u00f3ry upraszcza monitorowanie, diagnostyk\u0119 i kontrol\u0119 wielu urz\u0105dze\u0144 dzi\u0119ki natywnej integracji koncentratora steruj\u0105cego Cisco<\/a><\/h4>\n<\/li><\/ul>\n\n<nav class=\"wp-block-query-pagination is-layout-flex wp-block-query-pagination-is-layout-flex\" aria-label=\"Stronicowanie\">\n\n\n<div class=\"wp-block-query-pagination-numbers\"><span aria-label=\"Strona 1\" aria-current=\"page\" class=\"page-numbers current\" data-no-translation-aria-label=\"\">1<\/span>\n<a aria-label=\"Strona 2\" class=\"page-numbers\" href=\"?query-14-page=2\" data-no-translation-aria-label=\"\">2<\/a>\n<a aria-label=\"Strona 3\" class=\"page-numbers\" href=\"?query-14-page=3\" data-no-translation-aria-label=\"\">3<\/a><\/div>\n\n<a href=\"\/pl\/wp-json\/wp\/v2\/pages\/50211?query-14-page=2\" class=\"wp-block-query-pagination-next\">Nast\u0119pna strona<\/a>\n<\/nav>\n\n<\/div>","protected":false},"excerpt":{"rendered":"<p>Aktualno\u015bci i prasa<\/p>","protected":false},"author":2861,"featured_media":0,"parent":0,"menu_order":0,"comment_status":"closed","ping_status":"closed","template":"landingpage.php","meta":{"_acf_changed":false,"publish_to_discourse":"","publish_post_category":"","wpdc_auto_publish_overridden":"","wpdc_topic_tags":"","wpdc_pin_topic":"","wpdc_pin_until":"","discourse_post_id":"","discourse_permalink":"","wpdc_publishing_response":"","wpdc_publishing_error":"","_monsterinsights_skip_tracking":false,"_monsterinsights_sitenote_active":false,"_monsterinsights_sitenote_note":"","_monsterinsights_sitenote_category":0,"footnotes":""},"class_list":["post-50211","page","type-page","status-publish","hentry","no-post-thumbnail"],"acf":[],"yoast_head":"<!-- This site is optimized with the Yoast SEO plugin v27.3 - https:\/\/yoast.com\/product\/yoast-seo-wordpress\/ -->\n<title>News &amp; Press - Sound Control Technologies<\/title>\n<meta name=\"robots\" content=\"index, follow, max-snippet:-1, max-image-preview:large, max-video-preview:-1\" \/>\n<link rel=\"canonical\" href=\"https:\/\/www.soundcontrol.net\/pl\/news-press\/\" \/>\n<link rel=\"next\" href=\"https:\/\/www.soundcontrol.net\/news-press\/50211?query-14-page=2\" \/>\n<meta property=\"og:locale\" content=\"pl_PL\" \/>\n<meta property=\"og:type\" content=\"article\" \/>\n<meta property=\"og:title\" content=\"News &amp; Press - Sound Control Technologies\" \/>\n<meta property=\"og:description\" content=\"News &amp; Press\" \/>\n<meta property=\"og:url\" content=\"https:\/\/www.soundcontrol.net\/pl\/news-press\/\" \/>\n<meta property=\"og:site_name\" content=\"Sound Control Technologies\" \/>\n<meta property=\"article:modified_time\" content=\"2025-09-22T21:06:40+00:00\" \/>\n<meta name=\"twitter:card\" content=\"summary_large_image\" \/>\n<meta name=\"twitter:label1\" content=\"Szacowany czas czytania\" \/>\n\t<meta name=\"twitter:data1\" content=\"1 minuta\" \/>\n<script type=\"application\/ld+json\" class=\"yoast-schema-graph\">{\"@context\":\"https:\\\/\\\/schema.org\",\"@graph\":[{\"@type\":\"WebPage\",\"@id\":\"https:\\\/\\\/www.soundcontrol.net\\\/news-press\\\/\",\"url\":\"https:\\\/\\\/www.soundcontrol.net\\\/news-press\\\/\",\"name\":\"News &amp; Press - Sound Control Technologies\",\"isPartOf\":{\"@id\":\"https:\\\/\\\/www.soundcontrol.net\\\/#website\"},\"datePublished\":\"2024-07-16T23:25:16+00:00\",\"dateModified\":\"2025-09-22T21:06:40+00:00\",\"breadcrumb\":{\"@id\":\"https:\\\/\\\/www.soundcontrol.net\\\/news-press\\\/#breadcrumb\"},\"inLanguage\":\"pl-PL\",\"potentialAction\":[{\"@type\":\"ReadAction\",\"target\":[\"https:\\\/\\\/www.soundcontrol.net\\\/news-press\\\/\"]}]},{\"@type\":\"BreadcrumbList\",\"@id\":\"https:\\\/\\\/www.soundcontrol.net\\\/news-press\\\/#breadcrumb\",\"itemListElement\":[{\"@type\":\"ListItem\",\"position\":1,\"name\":\"Home\",\"item\":\"https:\\\/\\\/www.soundcontrol.net\\\/\"},{\"@type\":\"ListItem\",\"position\":2,\"name\":\"News &amp; Press\"}]},{\"@type\":\"WebSite\",\"@id\":\"https:\\\/\\\/www.soundcontrol.net\\\/#website\",\"url\":\"https:\\\/\\\/www.soundcontrol.net\\\/\",\"name\":\"Sound Control Technologies\",\"description\":\"Connectivity, Delivered.\",\"potentialAction\":[{\"@type\":\"SearchAction\",\"target\":{\"@type\":\"EntryPoint\",\"urlTemplate\":\"https:\\\/\\\/www.soundcontrol.net\\\/?s={search_term_string}\"},\"query-input\":{\"@type\":\"PropertyValueSpecification\",\"valueRequired\":true,\"valueName\":\"search_term_string\"}}],\"inLanguage\":\"pl-PL\"}]}<\/script>\n<!-- \/ Yoast SEO plugin. -->","yoast_head_json":{"title":"News &amp; Press - Sound Control Technologies","robots":{"index":"index","follow":"follow","max-snippet":"max-snippet:-1","max-image-preview":"max-image-preview:large","max-video-preview":"max-video-preview:-1"},"canonical":"https:\/\/www.soundcontrol.net\/pl\/news-press\/","next":"https:\/\/www.soundcontrol.net\/news-press\/50211?query-14-page=2","og_locale":"pl_PL","og_type":"article","og_title":"News &amp; Press - Sound Control Technologies","og_description":"News &amp; Press","og_url":"https:\/\/www.soundcontrol.net\/pl\/news-press\/","og_site_name":"Sound Control Technologies","article_modified_time":"2025-09-22T21:06:40+00:00","twitter_card":"summary_large_image","twitter_misc":{"Szacowany czas czytania":"1 minuta"},"schema":{"@context":"https:\/\/schema.org","@graph":[{"@type":"WebPage","@id":"https:\/\/www.soundcontrol.net\/news-press\/","url":"https:\/\/www.soundcontrol.net\/news-press\/","name":"News &amp; Press - Sound Control Technologies","isPartOf":{"@id":"https:\/\/www.soundcontrol.net\/#website"},"datePublished":"2024-07-16T23:25:16+00:00","dateModified":"2025-09-22T21:06:40+00:00","breadcrumb":{"@id":"https:\/\/www.soundcontrol.net\/news-press\/#breadcrumb"},"inLanguage":"pl-PL","potentialAction":[{"@type":"ReadAction","target":["https:\/\/www.soundcontrol.net\/news-press\/"]}]},{"@type":"BreadcrumbList","@id":"https:\/\/www.soundcontrol.net\/news-press\/#breadcrumb","itemListElement":[{"@type":"ListItem","position":1,"name":"Home","item":"https:\/\/www.soundcontrol.net\/"},{"@type":"ListItem","position":2,"name":"News &amp; Press"}]},{"@type":"WebSite","@id":"https:\/\/www.soundcontrol.net\/#website","url":"https:\/\/www.soundcontrol.net\/","name":"Technologie kontroli d\u017awi\u0119ku","description":"\u0141\u0105czno\u015b\u0107 dostarczona.","potentialAction":[{"@type":"SearchAction","target":{"@type":"EntryPoint","urlTemplate":"https:\/\/www.soundcontrol.net\/?s={search_term_string}"},"query-input":{"@type":"PropertyValueSpecification","valueRequired":true,"valueName":"search_term_string"}}],"inLanguage":"pl-PL"}]}},"_links":{"self":[{"href":"https:\/\/www.soundcontrol.net\/pl\/wp-json\/wp\/v2\/pages\/50211","targetHints":{"allow":["GET"]}}],"collection":[{"href":"https:\/\/www.soundcontrol.net\/pl\/wp-json\/wp\/v2\/pages"}],"about":[{"href":"https:\/\/www.soundcontrol.net\/pl\/wp-json\/wp\/v2\/types\/page"}],"author":[{"embeddable":true,"href":"https:\/\/www.soundcontrol.net\/pl\/wp-json\/wp\/v2\/users\/2861"}],"replies":[{"embeddable":true,"href":"https:\/\/www.soundcontrol.net\/pl\/wp-json\/wp\/v2\/comments?post=50211"}],"version-history":[{"count":0,"href":"https:\/\/www.soundcontrol.net\/pl\/wp-json\/wp\/v2\/pages\/50211\/revisions"}],"wp:attachment":[{"href":"https:\/\/www.soundcontrol.net\/pl\/wp-json\/wp\/v2\/media?parent=50211"}],"curies":[{"name":"wp","href":"https:\/\/api.w.org\/{rel}","templated":true}]}}