{"id":54934,"date":"2025-09-22T16:58:49","date_gmt":"2025-09-22T20:58:49","guid":{"rendered":"https:\/\/www.soundcontrol.net\/?page_id=54934"},"modified":"2025-09-22T17:43:21","modified_gmt":"2025-09-22T21:43:21","slug":"news-insights","status":"publish","type":"page","link":"https:\/\/www.soundcontrol.net\/pl\/news-insights\/","title":{"rendered":"Wiadomo\u015bci i spostrze\u017cenia"},"content":{"rendered":"\n<h1 class=\"wp-block-heading has-text-align-center newspress\">News &amp; Insights<\/h1>\n\n\n\n<div class=\"wp-block-columns is-layout-flex wp-container-core-columns-is-layout-9d6595d7 wp-block-columns-is-layout-flex\">\n<div class=\"wp-block-column newspress is-layout-flow wp-block-column-is-layout-flow\"><form data-sf-form-id='54933' data-is-rtl='0' data-maintain-state='' data-results-url='https:\/\/www.soundcontrol.net\/news-insights\/' data-ajax-url='https:\/\/www.soundcontrol.net\/pl\/?sfid=54933&amp;sf_action=get_data&amp;sf_data=results' data-ajax-form-url='https:\/\/www.soundcontrol.net\/pl\/?sfid=54933&amp;sf_action=get_data&amp;sf_data=form' data-display-result-method='shortcode' data-use-history-api='1' data-template-loaded='0' data-lang-code='pl' data-ajax='1' data-ajax-data-type='json' data-ajax-links-selector='.pagination a' data-ajax-target='#search-filter-results-54933' data-ajax-pagination-type='normal' data-update-ajax-url='1' data-only-results-ajax='1' data-scroll-to-pos='0' data-init-paged='1' data-auto-update='1' action='https:\/\/www.soundcontrol.net\/news-insights\/' method='post' class='searchandfilter' id='search-filter-form-54933' autocomplete='off' data-instance-count='1'><ul><li class=\"sf-field-category\" data-sf-field-name=\"_sft_category\" data-sf-field-type=\"category\" data-sf-field-input-type=\"radio\">\t\t<ul class=\"\">\n\t\t\t\t\t  <li class=\"sf-level-0 sf-item-0 sf-option-active\" data-sf-count=\"0\" data-sf-depth=\"0\"><input  class=\"sf-input-radio\" type=\"radio\" value=\"\" name=\"_sft_category[]\" checked=\"checked\" id=\"sf-input-cb61e2d3a4420b07a1b6504ae651acc7\"><label class=\"sf-label-radio\" for=\"sf-input-cb61e2d3a4420b07a1b6504ae651acc7\">Filter By:<\/label><\/li><li class=\"sf-level-0 sf-item-343\" data-sf-count=\"2\" data-sf-depth=\"0\"><input  class=\"sf-input-radio\" type=\"radio\" value=\"insights\" name=\"_sft_category[]\" id=\"sf-input-a7076748927166ab30d863fde1d26512\"><label class=\"sf-label-radio\" for=\"sf-input-a7076748927166ab30d863fde1d26512\">Insights<\/label><\/li><li class=\"sf-level-0 sf-item-1\" data-sf-count=\"23\" data-sf-depth=\"0\"><input  class=\"sf-input-radio\" type=\"radio\" value=\"news\" name=\"_sft_category[]\" id=\"sf-input-5ca9e54521c60137bc18ed14f9ee9233\"><label class=\"sf-label-radio\" for=\"sf-input-5ca9e54521c60137bc18ed14f9ee9233\">News<\/label><\/li>\t\t<\/ul>\n\t\t<\/li><\/ul><\/form>\n\n\n<div class=\"search-filter-results\" id=\"search-filter-results-54933\"><div>\n<div class=\"searches\">\n\n\t\n\n\n\n\t\t\t\t<div class=\"group\">\n\t\t\t\t\t\t\t\t\t\t\t<a href=\"https:\/\/www.soundcontrol.net\/pl\/usb-c-without-the-guesswork-understanding-whats-really-behind-the-connector\/\"><div class=\"image\"><img decoding=\"async\" src=\"https:\/\/www.soundcontrol.net\/wp-content\/uploads\/2026\/03\/Ask-the-USB-Expert-Dan-1024x1024.jpeg\"><\/div><\/a>\n\t\t\t\t\t\t\t\t<div class=\"inner\">\n\t\t\t\t<div class=\"date\">24 marca, 2026<\/div>\n\t\t\t\t\t<h4><a href=\"https:\/\/www.soundcontrol.net\/pl\/usb-c-without-the-guesswork-understanding-whats-really-behind-the-connector\/\">USB-C Without the Guesswork: Understanding What\u2019s Really Behind the Connector<\/a><\/h4>\n\t\t\t\t\t\n\t\t\t\t\t<\/div>\n\t\t\t<\/div>\n\t\t\n\t\n\t\t\n\t\t\t\t\t<div class=\"group\">\n\t\t\t\t\t\t\t\t\t\t\t<a href=\"https:\/\/www.soundcontrol.net\/pl\/sct-introduces-api-12-adapter-for-high-power-poe-camera-deployments\/\"><div class=\"image\"><img decoding=\"async\" src=\"https:\/\/www.soundcontrol.net\/wp-content\/uploads\/2026\/03\/API-12-Front-small.png\"><\/div><\/a>\n\t\t\t\t\t\t\t\t<div class=\"inner\">\n\t\t\t\t<div class=\"date\">19 marca, 2026<\/div>\n\t\t\t\t\t<h4><a href=\"https:\/\/www.soundcontrol.net\/pl\/sct-introduces-api-12-adapter-for-high-power-poe-camera-deployments\/\">SCT Introduces API-12 Auxiliary Power Injector for High-Power PoE Camera Deployments<\/a><\/h4>\n\t\t\t\t\t\n\t\t\t\t\t<\/div>\n\t\t\t<\/div>\n\t\t\n\t\n\t\t\n\t\t\t\t\t<div class=\"group\">\n\t\t\t\t\t\t\t\t\t\t\t<a href=\"https:\/\/www.soundcontrol.net\/pl\/a-year-end-note-from-our-ceo\/\"><div class=\"image\"><img decoding=\"async\" src=\"https:\/\/www.soundcontrol.net\/wp-content\/uploads\/2025\/12\/sct_2026-1024x1024.jpeg\"><\/div><\/a>\n\t\t\t\t\t\t\t\t<div class=\"inner\">\n\t\t\t\t<div class=\"date\">31 grudnia, 2025<\/div>\n\t\t\t\t\t<h4><a href=\"https:\/\/www.soundcontrol.net\/pl\/a-year-end-note-from-our-ceo\/\">A Year-End Note from Our CEO<\/a><\/h4>\n\t\t\t\t\t\n\t\t\t\t\t<\/div>\n\t\t\t<\/div>\n\t\t\n\t\n\t\t\n\t\t\t\t\t<div class=\"group\">\n\t\t\t\t\t\t\t\t\t\t\t<a href=\"https:\/\/www.soundcontrol.net\/pl\/sct-launches-microceries-modular-usb-c-solutions-for-dp-alt-mode-power-delivery-and-usb-extension\/\"><div class=\"image\"><img decoding=\"async\" src=\"https:\/\/www.soundcontrol.net\/wp-content\/uploads\/2025\/09\/sct-modular-solutions-usb-c-cable-square.jpg\"><\/div><\/a>\n\t\t\t\t\t\t\t\t<div class=\"inner\">\n\t\t\t\t<div class=\"date\">23 wrze\u015bnia, 2025<\/div>\n\t\t\t\t\t<h4><a href=\"https:\/\/www.soundcontrol.net\/pl\/sct-launches-microceries-modular-usb-c-solutions-for-dp-alt-mode-power-delivery-and-usb-extension\/\">SCT Launches micro(C)eries: Modular USB-C Solutions for DP Alt Mode, Power Delivery, and USB Extension<\/a><\/h4>\n\t\t\t\t\t\n\t\t\t\t\t<\/div>\n\t\t\t<\/div>\n\t\t\n\t\n\t\t\n\t\t\t\t\t<div class=\"group\">\n\t\t\t\t\t\t\t\t\t\t\t<a href=\"https:\/\/www.soundcontrol.net\/pl\/taylor-bagley-joins-sound-control-technologies-as-product-and-training-specialist\/\"><div class=\"image\"><img decoding=\"async\" src=\"https:\/\/www.soundcontrol.net\/wp-content\/uploads\/2025\/09\/taylor-bagley-head-shot.jpeg\"><\/div><\/a>\n\t\t\t\t\t\t\t\t<div class=\"inner\">\n\t\t\t\t<div class=\"date\">11 wrze\u015bnia, 2025<\/div>\n\t\t\t\t\t<h4><a href=\"https:\/\/www.soundcontrol.net\/pl\/taylor-bagley-joins-sound-control-technologies-as-product-and-training-specialist\/\">Taylor Bagley Joins Sound Control Technologies as Product and Training Specialist<\/a><\/h4>\n\t\t\t\t\t\n\t\t\t\t\t<\/div>\n\t\t\t<\/div>\n\t\t\n\t\n\t\t\n\t\t\t\t\t<div class=\"group\">\n\t\t\t\t\t\t\t\t\t\t\t<a href=\"https:\/\/www.soundcontrol.net\/pl\/sct-unveils-usb-amv-the-first-adapter-to-combine-hdmi-and-usb-into-one-usb-c-dp-alt-mode-connection\/\"><div class=\"image\"><img decoding=\"async\" src=\"https:\/\/www.soundcontrol.net\/wp-content\/uploads\/2025\/08\/small_sct_product_renders_usb-amv.gif\"><\/div><\/a>\n\t\t\t\t\t\t\t\t<div class=\"inner\">\n\t\t\t\t<div class=\"date\">6 sierpnia, 2025<\/div>\n\t\t\t\t\t<h4><a href=\"https:\/\/www.soundcontrol.net\/pl\/sct-unveils-usb-amv-the-first-adapter-to-combine-hdmi-and-usb-into-one-usb-c-dp-alt-mode-connection\/\">SCT Unveils USB-AMV, the First Adapter to Combine HDMI and USB Into One USB-C DP Alt Mode Connection<\/a><\/h4>\n\t\t\t\t\t\n\t\t\t\t\t<\/div>\n\t\t\t<\/div>\n\t\t\n\t\n\t\t\n\t\t\t\t\t<div class=\"group\">\n\t\t\t\t\t\t\t\t\t\t\t<a href=\"https:\/\/www.soundcontrol.net\/pl\/sct-releases-usb-pdc-adapter-with-90w-charging-and-full-usb-pass-through-for-clean-single-cable-connectivity\/\"><div class=\"image\"><img decoding=\"async\" src=\"https:\/\/www.soundcontrol.net\/wp-content\/uploads\/2025\/06\/sct_usb-pdc.gif\"><\/div><\/a>\n\t\t\t\t\t\t\t\t<div class=\"inner\">\n\t\t\t\t<div class=\"date\">19 czerwca, 2025<\/div>\n\t\t\t\t\t<h4><a href=\"https:\/\/www.soundcontrol.net\/pl\/sct-releases-usb-pdc-adapter-with-90w-charging-and-full-usb-pass-through-for-clean-single-cable-connectivity\/\">SCT Releases USB-PDC Adapter With 90W Charging and Full USB Pass-Through for Clean, Single-Cable Connectivity<\/a><\/h4>\n\t\t\t\t\t\n\t\t\t\t\t<\/div>\n\t\t\t<\/div>\n\t\t\n\t\n\t\t\n\t\t\t\t\t<div class=\"group\">\n\t\t\t\t\t\t\t\t\t\t\t<a href=\"https:\/\/www.soundcontrol.net\/pl\/sct-introduces-ts1-under-table-mounting-solution-for-streamlined-conference-table-integration\/\"><div class=\"image\"><img decoding=\"async\" src=\"https:\/\/www.soundcontrol.net\/wp-content\/uploads\/2025\/06\/ts1-shelf-installed-1024x749.jpg\"><\/div><\/a>\n\t\t\t\t\t\t\t\t<div class=\"inner\">\n\t\t\t\t<div class=\"date\">5 czerwca, 2025<\/div>\n\t\t\t\t\t<h4><a href=\"https:\/\/www.soundcontrol.net\/pl\/sct-introduces-ts1-under-table-mounting-solution-for-streamlined-conference-table-integration\/\">SCT Introduces TS1 Under-Table Mounting Solution for Streamlined Conference Table Integration<\/a><\/h4>\n\t\t\t\t\t\n\t\t\t\t\t<\/div>\n\t\t\t<\/div>\n\t\t\n\t\n\t\t\n\t\t\t\t\t<div class=\"group\">\n\t\t\t\t\t\t\t\t\t\t\t<a href=\"https:\/\/www.soundcontrol.net\/pl\/sct-introduces-pole-mount-for-cisco-ptz-4k-camera-installs\/\"><div class=\"image\"><img decoding=\"async\" src=\"https:\/\/www.soundcontrol.net\/wp-content\/uploads\/2025\/05\/web-rcp-cw4-1024x1024.jpg\"><\/div><\/a>\n\t\t\t\t\t\t\t\t<div class=\"inner\">\n\t\t\t\t<div class=\"date\">22 maja, 2025<\/div>\n\t\t\t\t\t<h4><a href=\"https:\/\/www.soundcontrol.net\/pl\/sct-introduces-pole-mount-for-cisco-ptz-4k-camera-installs\/\">SCT Introduces Pole Mount for Cleaner Cisco PTZ 4K Camera Installs<\/a><\/h4>\n\t\t\t\t\t\n\t\t\t\t\t<\/div>\n\t\t\t<\/div>\n\t\t\n\t\n\t\t\n\t\t\t\t\t<div class=\"group\">\n\t\t\t\t\t\t\t\t\t\t\t<a href=\"https:\/\/www.soundcontrol.net\/pl\/sct-launches-mdc6-serial-hub-to-simplify-multi-device-monitoring-diagnostics-and-control-with-native-cisco-control-hub-integration\/\"><div class=\"image\"><img decoding=\"async\" src=\"https:\/\/www.soundcontrol.net\/wp-content\/uploads\/2025\/05\/webs-MDC6-Stacked-1024x275.jpg\"><\/div><\/a>\n\t\t\t\t\t\t\t\t<div class=\"inner\">\n\t\t\t\t<div class=\"date\">7 maja, 2025<\/div>\n\t\t\t\t\t<h4><a href=\"https:\/\/www.soundcontrol.net\/pl\/sct-launches-mdc6-serial-hub-to-simplify-multi-device-monitoring-diagnostics-and-control-with-native-cisco-control-hub-integration\/\">SCT Launches MDC6 Serial Hub to Simplify Multi-Device Monitoring, Diagnostics, and Control with Native Cisco Control Hub Integration<\/a><\/h4>\n\t\t\t\t\t\n\t\t\t\t\t<\/div>\n\t\t\t<\/div>\n\t\t\n\t\n\t\t\n\t\t\t\t\t<div class=\"group\">\n\t\t\t\t\t\t\t\t\t\t\t<a href=\"https:\/\/www.soundcontrol.net\/pl\/sct-enhances-rc5-camera-extension-system-with-native-cisco-control-hub-integration\/\"><div class=\"image\"><img decoding=\"async\" src=\"https:\/\/www.soundcontrol.net\/wp-content\/uploads\/2025\/04\/RC5-Gen2-Modules-Front-1024x351.jpg\"><\/div><\/a>\n\t\t\t\t\t\t\t\t<div class=\"inner\">\n\t\t\t\t<div class=\"date\">22 kwietnia, 2025<\/div>\n\t\t\t\t\t<h4><a href=\"https:\/\/www.soundcontrol.net\/pl\/sct-enhances-rc5-camera-extension-system-with-native-cisco-control-hub-integration\/\">SCT Enhances RC5 Camera Extension System with Native Cisco Control Hub Integration<\/a><\/h4>\n\t\t\t\t\t\n\t\t\t\t\t<\/div>\n\t\t\t<\/div>\n\t\t\n\t\n\t\t\n\t\t\t\t\t<div class=\"group\">\n\t\t\t\t\t\t\t\t\t\t\t<a href=\"https:\/\/www.soundcontrol.net\/pl\/sct-launches-rcu3sl-4k30-usb-3-2-extender-to-solve-usb-3-video-bar-and-ptz-camera-integration-challenges\/\"><div class=\"image\"><img decoding=\"async\" src=\"https:\/\/www.soundcontrol.net\/wp-content\/uploads\/2024\/07\/sct_product_renders_rcu2sl_he_v1.0_000001-0160.gif\"><\/div><\/a>\n\t\t\t\t\t\t\t\t<div class=\"inner\">\n\t\t\t\t<div class=\"date\">3 kwietnia, 2025<\/div>\n\t\t\t\t\t<h4><a href=\"https:\/\/www.soundcontrol.net\/pl\/sct-launches-rcu3sl-4k30-usb-3-2-extender-to-solve-usb-3-video-bar-and-ptz-camera-integration-challenges\/\">SCT Launches RCU3SL 4K30 USB 3.2 Extender to Solve USB 3 Video Bar and PTZ Camera Integration Challenges<\/a><\/h4>\n\t\t\t\t\t\n\t\t\t\t\t<\/div>\n\t\t\t<\/div>\n\t\t\n\t\n\t\t\n\t\t\t<\/div>\n\t\n\t<div class=\"pagination\">\n\t\t<div class='wp-pagenavi' role='navigation'>\n<span class='pages'>Page 1 of 3<\/span><span aria-current='page' class='current'>1<\/span><a class=\"page larger\" title=\"Page 2\" href=\"https:\/\/www.soundcontrol.net\/news-insights\/?sf_paged=2\">2<\/a><a class=\"page larger\" title=\"Page 3\" href=\"https:\/\/www.soundcontrol.net\/news-insights\/?sf_paged=3\">3<\/a><a class=\"nextpostslink\" rel=\"next\" aria-label=\"Nast\u0119pna strona\" href=\"https:\/\/www.soundcontrol.net\/news-insights\/?sf_paged=2\">&raquo;<\/a>\n<\/div>\t\n\t<\/div>\n\n\t\n\t<\/div>\n<style>\nbody.page-id-54934 .x-main.full {background-color:#f2f2f2 !important;}\nbody.page-id-54934 .wp-block-columns {max-width:100%;}\n.date {color: #39c;\n  font-size: 14px;\n  text-transform: uppercase;font-weight:600;}\n.searches {display:flex;flex-wrap:wrap;justify-content:left;}\n.searches .group .image {background-color:#fff;height:250px;object-fit:cover;position:relative;}\n.searches .group .image img {position:absolute;object-fit:contain;width:100%;height:100%;top:0px;padding:20px 10px;}\n.searches .group {width:31%;background-color:transparent;font-size:15px;margin-bottom:45px;margin-left:1%;margin-right:1%;}\n.searches .group h4 {font-size:22px;margin-top:0px;}\n.group .inner {padding:20px;}\n@media (max-width: 900px) {\n.searches .group {width:48%;}\n}\n@media (max-width: 500px) {\n.searches .group {width:98%;}\n}\n\nform.searchandfilter {text-align:right;margin:0px 0 60px 0px;}\n.searchandfilter ul li {text-align:right;display:inline-block;min-width:150px;}\n.searchandfilter input[type=\"radio\"] {display:none;}\n.searchandfilter li[data-sf-field-input-type=\"radio\"] label {padding-left:0;font-weight:700;transition:all .3s;}\nform.searchandfilter ul ul {display:flex;align-items:center;text-align:center;flex-wrap:wrap;}\nform.searchandfilter ul ul li {transition:all .3s;border:1px solid #39c;border-radius:30px;text-align:center;line-height:16px;padding:5px 15px;color:#002169;font-size:14px;font-weight:700;margin-left:10px;margin-top:5px;margin-bottom:5px;}\nform.searchandfilter ul ul li:hover {background-color:#39c;color:#fff;transition:all .3s;}\nli.sf-option-active label, form.searchandfilter ul ul li:hover label {color:#fff;transition:all .3s;}\nli.sf-option-active {background-color:#39c;color:#fff;transition:all .3s;}\nform.searchandfilter ul ul li.sf-item-0, li.sf-item-0.sf-option-active label {border:0;color:#002169;width:100%;}\nli.sf-item-0.sf-option-active {background-color:transparent;color:#002169;transition:all .3s;}\nli.sf-item-0:hover, li.sf-item-0:hover label {background-color:transparent !important;color:#002169 !important;transition:all .3s;}\n.searchandfilter ul, .searchandfilter ul li {margin:0 5px !important;padding:0;flex-wrap:wrap}\n\n@media screen and (max-width: 1100px) {\nform.searchandfilter {width:96%;}\n}\n\n@media screen and (max-width: 900px) {\nform.searchandfilter {width:100%;}\n.searchandfilter ul {margin:0;padding:0;flex-wrap:wrap}\nform.searchandfilter ul ul li {font-size:14px;padding:5px 15px;}\n}\n\n@media screen and (max-width: 700px) {\nform.searchandfilter {margin:10px 0;text-align:center;}\n.searchandfilter ul {text-align:center;}\nform.searchandfilter ul ul li.sf-item-0 {width: 100%;text-align: left;padding: 0;margin-bottom: 15px;}\n}\n<\/style><\/div>\n<\/div>\n<\/div>\n","protected":false},"excerpt":{"rendered":"<p>Wiadomo\u015bci i spostrze\u017cenia<\/p>","protected":false},"author":2861,"featured_media":0,"parent":0,"menu_order":0,"comment_status":"closed","ping_status":"closed","template":"landingpage.php","meta":{"_acf_changed":false,"publish_to_discourse":"","publish_post_category":"","wpdc_auto_publish_overridden":"","wpdc_topic_tags":"","wpdc_pin_topic":"","wpdc_pin_until":"","discourse_post_id":"","discourse_permalink":"","wpdc_publishing_response":"","wpdc_publishing_error":"","_monsterinsights_skip_tracking":false,"_monsterinsights_sitenote_active":false,"_monsterinsights_sitenote_note":"","_monsterinsights_sitenote_category":0,"footnotes":""},"class_list":["post-54934","page","type-page","status-publish","hentry","no-post-thumbnail"],"acf":[],"yoast_head":"<!-- This site is optimized with the Yoast SEO plugin v27.2 - https:\/\/yoast.com\/product\/yoast-seo-wordpress\/ -->\n<title>News &amp; Insights - Sound Control Technologies<\/title>\n<meta name=\"robots\" content=\"index, follow, max-snippet:-1, max-image-preview:large, max-video-preview:-1\" \/>\n<link rel=\"canonical\" href=\"https:\/\/www.soundcontrol.net\/pl\/news-insights\/\" \/>\n<meta property=\"og:locale\" content=\"pl_PL\" \/>\n<meta property=\"og:type\" content=\"article\" \/>\n<meta property=\"og:title\" content=\"News &amp; Insights - Sound Control Technologies\" \/>\n<meta property=\"og:description\" content=\"News &amp; Insights\" \/>\n<meta property=\"og:url\" content=\"https:\/\/www.soundcontrol.net\/pl\/news-insights\/\" \/>\n<meta property=\"og:site_name\" content=\"Sound Control Technologies\" \/>\n<meta property=\"article:modified_time\" content=\"2025-09-22T21:43:21+00:00\" \/>\n<meta name=\"twitter:card\" content=\"summary_large_image\" \/>\n<meta name=\"twitter:label1\" content=\"Szacowany czas czytania\" \/>\n\t<meta name=\"twitter:data1\" content=\"4 minuty\" \/>\n<script type=\"application\/ld+json\" class=\"yoast-schema-graph\">{\"@context\":\"https:\/\/schema.org\",\"@graph\":[{\"@type\":\"WebPage\",\"@id\":\"https:\/\/www.soundcontrol.net\/news-insights\/\",\"url\":\"https:\/\/www.soundcontrol.net\/news-insights\/\",\"name\":\"News &amp; Insights - Sound Control Technologies\",\"isPartOf\":{\"@id\":\"https:\/\/www.soundcontrol.net\/#website\"},\"datePublished\":\"2025-09-22T20:58:49+00:00\",\"dateModified\":\"2025-09-22T21:43:21+00:00\",\"breadcrumb\":{\"@id\":\"https:\/\/www.soundcontrol.net\/news-insights\/#breadcrumb\"},\"inLanguage\":\"pl-PL\",\"potentialAction\":[{\"@type\":\"ReadAction\",\"target\":[\"https:\/\/www.soundcontrol.net\/news-insights\/\"]}]},{\"@type\":\"BreadcrumbList\",\"@id\":\"https:\/\/www.soundcontrol.net\/news-insights\/#breadcrumb\",\"itemListElement\":[{\"@type\":\"ListItem\",\"position\":1,\"name\":\"Home\",\"item\":\"https:\/\/www.soundcontrol.net\/\"},{\"@type\":\"ListItem\",\"position\":2,\"name\":\"News &amp; Insights\"}]},{\"@type\":\"WebSite\",\"@id\":\"https:\/\/www.soundcontrol.net\/#website\",\"url\":\"https:\/\/www.soundcontrol.net\/\",\"name\":\"Sound Control Technologies\",\"description\":\"Connectivity, Delivered.\",\"potentialAction\":[{\"@type\":\"SearchAction\",\"target\":{\"@type\":\"EntryPoint\",\"urlTemplate\":\"https:\/\/www.soundcontrol.net\/?s={search_term_string}\"},\"query-input\":{\"@type\":\"PropertyValueSpecification\",\"valueRequired\":true,\"valueName\":\"search_term_string\"}}],\"inLanguage\":\"pl-PL\"}]}<\/script>\n<!-- \/ Yoast SEO plugin. -->","yoast_head_json":{"title":"News &amp; Insights - Sound Control Technologies","robots":{"index":"index","follow":"follow","max-snippet":"max-snippet:-1","max-image-preview":"max-image-preview:large","max-video-preview":"max-video-preview:-1"},"canonical":"https:\/\/www.soundcontrol.net\/pl\/news-insights\/","og_locale":"pl_PL","og_type":"article","og_title":"News &amp; Insights - Sound Control Technologies","og_description":"News &amp; Insights","og_url":"https:\/\/www.soundcontrol.net\/pl\/news-insights\/","og_site_name":"Sound Control Technologies","article_modified_time":"2025-09-22T21:43:21+00:00","twitter_card":"summary_large_image","twitter_misc":{"Szacowany czas czytania":"4 minuty"},"schema":{"@context":"https:\/\/schema.org","@graph":[{"@type":"WebPage","@id":"https:\/\/www.soundcontrol.net\/news-insights\/","url":"https:\/\/www.soundcontrol.net\/news-insights\/","name":"News &amp; Insights - Sound Control Technologies","isPartOf":{"@id":"https:\/\/www.soundcontrol.net\/#website"},"datePublished":"2025-09-22T20:58:49+00:00","dateModified":"2025-09-22T21:43:21+00:00","breadcrumb":{"@id":"https:\/\/www.soundcontrol.net\/news-insights\/#breadcrumb"},"inLanguage":"pl-PL","potentialAction":[{"@type":"ReadAction","target":["https:\/\/www.soundcontrol.net\/news-insights\/"]}]},{"@type":"BreadcrumbList","@id":"https:\/\/www.soundcontrol.net\/news-insights\/#breadcrumb","itemListElement":[{"@type":"ListItem","position":1,"name":"Home","item":"https:\/\/www.soundcontrol.net\/"},{"@type":"ListItem","position":2,"name":"News &amp; Insights"}]},{"@type":"WebSite","@id":"https:\/\/www.soundcontrol.net\/#website","url":"https:\/\/www.soundcontrol.net\/","name":"Technologie kontroli d\u017awi\u0119ku","description":"\u0141\u0105czno\u015b\u0107 dostarczona.","potentialAction":[{"@type":"SearchAction","target":{"@type":"EntryPoint","urlTemplate":"https:\/\/www.soundcontrol.net\/?s={search_term_string}"},"query-input":{"@type":"PropertyValueSpecification","valueRequired":true,"valueName":"search_term_string"}}],"inLanguage":"pl-PL"}]}},"_links":{"self":[{"href":"https:\/\/www.soundcontrol.net\/pl\/wp-json\/wp\/v2\/pages\/54934","targetHints":{"allow":["GET"]}}],"collection":[{"href":"https:\/\/www.soundcontrol.net\/pl\/wp-json\/wp\/v2\/pages"}],"about":[{"href":"https:\/\/www.soundcontrol.net\/pl\/wp-json\/wp\/v2\/types\/page"}],"author":[{"embeddable":true,"href":"https:\/\/www.soundcontrol.net\/pl\/wp-json\/wp\/v2\/users\/2861"}],"replies":[{"embeddable":true,"href":"https:\/\/www.soundcontrol.net\/pl\/wp-json\/wp\/v2\/comments?post=54934"}],"version-history":[{"count":0,"href":"https:\/\/www.soundcontrol.net\/pl\/wp-json\/wp\/v2\/pages\/54934\/revisions"}],"wp:attachment":[{"href":"https:\/\/www.soundcontrol.net\/pl\/wp-json\/wp\/v2\/media?parent=54934"}],"curies":[{"name":"wp","href":"https:\/\/api.w.org\/{rel}","templated":true}]}}